{"id":18835,"date":"2024-01-11T11:57:34","date_gmt":"2024-01-11T10:57:34","guid":{"rendered":"https:\/\/arqitecture.fr\/produit\/panier-de-rangement-ronde-bambou-9-tailles\/"},"modified":"2024-06-03T15:31:52","modified_gmt":"2024-06-03T13:31:52","slug":"panier-de-rangement-ronde-bambou-9-tailles","status":"publish","type":"product","link":"https:\/\/arqitecture.fr\/en\/product\/panier-de-rangement-ronde-bambou-9-tailles\/","title":{"rendered":"Panier de rangement Rond Bambou, 9 tailles"},"content":{"rendered":"<p>\u25ba Ajoute un touche d\u00e9co boh\u00e8me<\/p>\n<p>\u25ba Ambiance authentique, chaleureuse et naturelle<\/p>\n<p>Cadeau de pendaison de cr\u00e9maill\u00e8re, invitation \u00e0 diner ou de remerciements.<\/p>\n<p>Conteneur de nettoyage, fournitures de salle de bain, panier \u00e0 linge, serviettes en rouleaux, rangement d&rsquo;articles divers, v\u00eatements, de jouets, etc.<\/p>\n<p>Convient \u00e0 tous les coins de la maison, couloir, salon, chambre d&rsquo;enfant ou salle de bain.<\/p>\n<div class=\"detailmodule_html\">\n<div class=\"detail-desc-decorate-richtext\">\n<div><\/div>\n<\/div>\n<\/div>","protected":false},"excerpt":{"rendered":"<p>Charmant panier de jardini\u00e8re avec poign\u00e9es pour cacher un disgracieux pot de fleurs en plastique.<\/p>\n<p><span class=\"property-title\">Fabriqu\u00e9 en f<\/span><span class=\"property-desc line-limit-length\">ibre v\u00e9g\u00e9tale de jonc de mer en bambou.<\/span><\/p>\n<p>S\u00e9chage pur tiss\u00e9 \u00e0 la main style et m\u00e9thode de tressage osier.<\/p>\n<p>Couleur naturelle.<\/p>\n<p>Peut se plier et \u00e9conomiser l&rsquo;espace de rangement.<\/p>\n<p>Peut \u00eatre lav\u00e9 \u00e0 l&rsquo;eau, ou essuyer avec un chiffon humide.<\/p>\n<p><span class=\"property-title\">Plusieurs tailles au choix : <\/span><span class=\"property-desc line-limit-length\">22 \/ 26 \/ 30 cm<\/span><\/p>","protected":false},"featured_media":18836,"template":"","meta":{"_et_pb_use_builder":"","_et_pb_old_content":"","_et_gb_content_width":""},"product_brand":[],"product_cat":[7408,7406],"product_tag":[],"class_list":{"0":"post-18835","1":"product","2":"type-product","3":"status-publish","4":"has-post-thumbnail","6":"product_cat-deco-yin","7":"product_cat-tous-les-produits","8":"product_shipping_class-colissimo","9":"pa_couleur-white-22cm","10":"pa_couleur-white-26cm","11":"pa_couleur-white-30cm","12":"pa_couleur-black-22cm","13":"pa_couleur-black-26cm","14":"pa_couleur-black-30cm","15":"pa_couleur-fancy-22cm","16":"pa_couleur-fancy-26cm","17":"pa_couleur-fancy-30cm","19":"first","20":"instock","21":"taxable","22":"shipping-taxable","23":"purchasable","24":"product-type-variable"},"aioseo_notices":[],"_links":{"self":[{"href":"https:\/\/arqitecture.fr\/en\/wp-json\/wp\/v2\/product\/18835","targetHints":{"allow":["GET"]}}],"collection":[{"href":"https:\/\/arqitecture.fr\/en\/wp-json\/wp\/v2\/product"}],"about":[{"href":"https:\/\/arqitecture.fr\/en\/wp-json\/wp\/v2\/types\/product"}],"wp:featuredmedia":[{"embeddable":true,"href":"https:\/\/arqitecture.fr\/en\/wp-json\/wp\/v2\/media\/18836"}],"wp:attachment":[{"href":"https:\/\/arqitecture.fr\/en\/wp-json\/wp\/v2\/media?parent=18835"}],"wp:term":[{"taxonomy":"product_brand","embeddable":true,"href":"https:\/\/arqitecture.fr\/en\/wp-json\/wp\/v2\/product_brand?post=18835"},{"taxonomy":"product_cat","embeddable":true,"href":"https:\/\/arqitecture.fr\/en\/wp-json\/wp\/v2\/product_cat?post=18835"},{"taxonomy":"product_tag","embeddable":true,"href":"https:\/\/arqitecture.fr\/en\/wp-json\/wp\/v2\/product_tag?post=18835"}],"curies":[{"name":"wp","href":"https:\/\/api.w.org\/{rel}","templated":true}]}}