{"id":18794,"date":"2024-01-10T17:26:01","date_gmt":"2024-01-10T16:26:01","guid":{"rendered":"https:\/\/arqitecture.fr\/produit\/panier-de-rangement-tisse-plusieurs-tailles\/"},"modified":"2024-06-03T15:35:43","modified_gmt":"2024-06-03T13:35:43","slug":"panier-de-rangement-tisse-plusieurs-tailles","status":"publish","type":"product","link":"https:\/\/arqitecture.fr\/en\/product\/panier-de-rangement-tisse-plusieurs-tailles\/","title":{"rendered":"Panier de rangement Rectangle tiss\u00e9, 3 tailles"},"content":{"rendered":"<p>\u25ba Ajoute un touche Naturelle<\/p>\n<p>\u25ba Ambiance authentique et chaleureuse<\/p>\n<p>Cadeau de pendaison de cr\u00e9maill\u00e8re, invitation \u00e0 diner ou de remerciements.<\/p>\n<p>Conteneur de nettoyage, panier \u00e0 linge, rangement d&rsquo;articles divers, de livres, de vinyles, de bols, fournitures de salle de bain, rangement de v\u00eatements, de jouets, etc.<\/p>\n<p>Convient \u00e0 tous les coins de la maison, couloir, salon, chambre d&rsquo;enfant, salle de bain ou balcon.<\/p>","protected":false},"excerpt":{"rendered":"<p>Pratique Mir de rangement multifonction munie de poign\u00e9es int\u00e9gr\u00e9es sur chaque oppos\u00e9, c\u00f4t\u00e9s largeurs.<\/p>\n<p>Robuste et de bonne qualit\u00e9.<\/p>\n<p>Fabriqu\u00e9 en imitation de rotin, r\u00e9sistant \u00e0 l&rsquo;humidit\u00e9, sans moisissure, sans d\u00e9coloration, lavable.<\/p>\n<p>La variante sombre est un m\u00e9lange de jaune et de brun clair.<\/p>\n<p><span style=\"text-decoration: underline;\">Plusieurs tailles possibles et couleur beige ou beige clair <\/span>:<\/p>","protected":false},"featured_media":18795,"template":"","meta":{"_et_pb_use_builder":"","_et_pb_old_content":"","_et_gb_content_width":""},"product_brand":[],"product_cat":[7408,7406],"product_tag":[],"class_list":{"0":"post-18794","1":"product","2":"type-product","3":"status-publish","4":"has-post-thumbnail","6":"product_cat-deco-yin","7":"product_cat-tous-les-produits","8":"product_shipping_class-colissimo","9":"pa_couleur-22x22x22cm-dark","10":"pa_couleur-22x22x22cm-light","11":"pa_couleur-26x17x8cm-light","12":"pa_couleur-26x17x8cm-dark","13":"pa_couleur-27x17x14cm-dark","14":"pa_couleur-27x17x14cm-light","15":"pa_couleur-27x27x27cm-dark","16":"pa_couleur-27x27x27cm-light","17":"pa_couleur-31x21x15cm-dark","18":"pa_couleur-31x21x15cm-light","19":"pa_couleur-35x25x18cm-dark","20":"pa_couleur-35x25x18cm-light","21":"pa_couleur-38x26x13cm-dark","22":"pa_couleur-38x26x13cm-light","24":"first","25":"instock","26":"taxable","27":"shipping-taxable","28":"purchasable","29":"product-type-variable"},"aioseo_notices":[],"_links":{"self":[{"href":"https:\/\/arqitecture.fr\/en\/wp-json\/wp\/v2\/product\/18794","targetHints":{"allow":["GET"]}}],"collection":[{"href":"https:\/\/arqitecture.fr\/en\/wp-json\/wp\/v2\/product"}],"about":[{"href":"https:\/\/arqitecture.fr\/en\/wp-json\/wp\/v2\/types\/product"}],"wp:featuredmedia":[{"embeddable":true,"href":"https:\/\/arqitecture.fr\/en\/wp-json\/wp\/v2\/media\/18795"}],"wp:attachment":[{"href":"https:\/\/arqitecture.fr\/en\/wp-json\/wp\/v2\/media?parent=18794"}],"wp:term":[{"taxonomy":"product_brand","embeddable":true,"href":"https:\/\/arqitecture.fr\/en\/wp-json\/wp\/v2\/product_brand?post=18794"},{"taxonomy":"product_cat","embeddable":true,"href":"https:\/\/arqitecture.fr\/en\/wp-json\/wp\/v2\/product_cat?post=18794"},{"taxonomy":"product_tag","embeddable":true,"href":"https:\/\/arqitecture.fr\/en\/wp-json\/wp\/v2\/product_tag?post=18794"}],"curies":[{"name":"wp","href":"https:\/\/api.w.org\/{rel}","templated":true}]}}