{"id":18784,"date":"2024-08-11T16:14:50","date_gmt":"2024-08-11T14:14:50","guid":{"rendered":"https:\/\/arqitecture.fr\/produit\/sculpture-mini-serpent-45-cm-metal\/"},"modified":"2024-09-17T12:13:52","modified_gmt":"2024-09-17T10:13:52","slug":"sculpture-mini-serpent-45-cm-metal","status":"publish","type":"product","link":"https:\/\/arqitecture.fr\/en\/product\/sculpture-mini-serpent-45-cm-metal\/","title":{"rendered":"Sculpture mini Serpent 4,5cm, M\u00e9tal"},"content":{"rendered":"<p>\u25ba It will look great \u263c on a piece of furniture or a coffee table<\/p>\n<p>\u25ba For a wild touch in your interior<\/p>\n<p>\u25ba Office or living room decoration<\/p>\n<p>\u25ba Gift for reptile lovers or as a souvenir of a trip<\/p>\n<p>&nbsp;<\/p>\n<p>Dans la bible, le serpent est le tentateur et est le symbole du danger.<\/p>\n<p>En Asie, Afrique ou Am\u00e9rique, il symbolise la puissance, la fertilit\u00e9, la renaissance, la sexualit\u00e9, mais aussi la sagesse, la clairvoyance et l&rsquo;\u00e9ternit\u00e9.<\/p>\n<p>Cr\u00e9ature froide, sans pattes, ni poils, ni plumes, il se situe au commencement m\u00eame de l&rsquo;effort g\u00e9n\u00e9tique.<\/p>\n<p>He curls up, he kisses, he hugs, he suffocates, he swallows, digests and sleeps. He is enigmatic, secret, we cannot predict his decisions, he is formidable in his anger, sudden like his metamorphoses.<\/p>\n<p>L&rsquo;homme est l&rsquo;oppos\u00e9 du serpent mais compl\u00e9mentaires.<\/p>\n<p>The snake is the 6th sign of the Chinese horoscope.<\/p>","protected":false},"excerpt":{"rendered":"<p>Sculpture d&rsquo;un serpent avan\u00e7ant en faisant une forme circulaire ou clef de sol.<\/p>\n<p>D\u00e9tails des \u00e9cailles et de la t\u00eate.<\/p>\n<p>Polissage soign\u00e9.<\/p>\n<p>En m\u00e9tal, laiton.<\/p>\n<p>4,5 x 2.4 cm<\/p>","protected":false},"featured_media":18832,"template":"","meta":{"_et_pb_use_builder":"","_et_pb_old_content":"","_et_gb_content_width":""},"product_brand":[],"product_cat":[7410,7411,7406],"product_tag":[],"class_list":{"0":"post-18784","1":"product","2":"type-product","3":"status-publish","4":"has-post-thumbnail","6":"product_cat-deco-animaux","7":"product_cat-deco-metal","8":"product_cat-tous-les-produits","10":"first","11":"instock","12":"taxable","13":"shipping-taxable","14":"purchasable","15":"product-type-simple"},"aioseo_notices":[],"_links":{"self":[{"href":"https:\/\/arqitecture.fr\/en\/wp-json\/wp\/v2\/product\/18784","targetHints":{"allow":["GET"]}}],"collection":[{"href":"https:\/\/arqitecture.fr\/en\/wp-json\/wp\/v2\/product"}],"about":[{"href":"https:\/\/arqitecture.fr\/en\/wp-json\/wp\/v2\/types\/product"}],"wp:featuredmedia":[{"embeddable":true,"href":"https:\/\/arqitecture.fr\/en\/wp-json\/wp\/v2\/media\/18832"}],"wp:attachment":[{"href":"https:\/\/arqitecture.fr\/en\/wp-json\/wp\/v2\/media?parent=18784"}],"wp:term":[{"taxonomy":"product_brand","embeddable":true,"href":"https:\/\/arqitecture.fr\/en\/wp-json\/wp\/v2\/product_brand?post=18784"},{"taxonomy":"product_cat","embeddable":true,"href":"https:\/\/arqitecture.fr\/en\/wp-json\/wp\/v2\/product_cat?post=18784"},{"taxonomy":"product_tag","embeddable":true,"href":"https:\/\/arqitecture.fr\/en\/wp-json\/wp\/v2\/product_tag?post=18784"}],"curies":[{"name":"wp","href":"https:\/\/api.w.org\/{rel}","templated":true}]}}