{"id":18560,"date":"2024-02-20T15:26:21","date_gmt":"2024-02-20T14:26:21","guid":{"rendered":"https:\/\/arqitecture.fr\/produit\/porte-manteaux-mural-boules-design-metal\/"},"modified":"2024-10-18T12:34:45","modified_gmt":"2024-10-18T10:34:45","slug":"porte-manteaux-mural-boules-design-metal","status":"publish","type":"product","link":"https:\/\/arqitecture.fr\/en\/product\/porte-manteaux-mural-boules-design-metal\/","title":{"rendered":"Porte manteaux mural boules, Autres mod\u00e8les \u00e0 voir, Design m\u00e9tal"},"content":{"rendered":"<p>Pour : manteau, chapeau, porte-serviettes<\/p>","protected":false},"excerpt":{"rendered":"<p>Porte manteau crochets en formes de boules<\/p>\n<p>Boule en bois massif et support de quincaillerie.<\/p>\n<p>Dimensions: 48 x 36.5 x 13.5 cm<\/p>\n<div class=\"detailmodule_html\">\n<div class=\"detail-desc-decorate-richtext\">\n<p>&nbsp;<\/p>\n<\/div>\n<\/div>","protected":false},"featured_media":18561,"template":"","meta":{"_et_pb_use_builder":"","_et_pb_old_content":"","_et_gb_content_width":""},"product_brand":[],"product_cat":[7411,7409,7406],"product_tag":[],"class_list":{"0":"post-18560","1":"product","2":"type-product","3":"status-publish","4":"has-post-thumbnail","6":"product_cat-deco-metal","7":"product_cat-deco-yang","8":"product_cat-tous-les-produits","9":"product_shipping_class-colissimo","10":"pa_couleur-a","11":"pa_couleur-b","12":"pa_couleur-c","13":"pa_couleur-d","14":"pa_couleur-e","15":"pa_couleur-f","16":"pa_couleur-g","17":"pa_couleur-h","18":"pa_couleur-i","20":"first","21":"instock","22":"taxable","23":"shipping-taxable","24":"purchasable","25":"product-type-variable"},"aioseo_notices":[],"_links":{"self":[{"href":"https:\/\/arqitecture.fr\/en\/wp-json\/wp\/v2\/product\/18560","targetHints":{"allow":["GET"]}}],"collection":[{"href":"https:\/\/arqitecture.fr\/en\/wp-json\/wp\/v2\/product"}],"about":[{"href":"https:\/\/arqitecture.fr\/en\/wp-json\/wp\/v2\/types\/product"}],"wp:featuredmedia":[{"embeddable":true,"href":"https:\/\/arqitecture.fr\/en\/wp-json\/wp\/v2\/media\/18561"}],"wp:attachment":[{"href":"https:\/\/arqitecture.fr\/en\/wp-json\/wp\/v2\/media?parent=18560"}],"wp:term":[{"taxonomy":"product_brand","embeddable":true,"href":"https:\/\/arqitecture.fr\/en\/wp-json\/wp\/v2\/product_brand?post=18560"},{"taxonomy":"product_cat","embeddable":true,"href":"https:\/\/arqitecture.fr\/en\/wp-json\/wp\/v2\/product_cat?post=18560"},{"taxonomy":"product_tag","embeddable":true,"href":"https:\/\/arqitecture.fr\/en\/wp-json\/wp\/v2\/product_tag?post=18560"}],"curies":[{"name":"wp","href":"https:\/\/api.w.org\/{rel}","templated":true}]}}