{"id":18487,"date":"2024-01-10T13:11:21","date_gmt":"2024-01-10T12:11:21","guid":{"rendered":"https:\/\/arqitecture.fr\/produit\/sculpture-geometrie-abstraite-creative-resine\/"},"modified":"2024-09-10T11:07:19","modified_gmt":"2024-09-10T09:07:19","slug":"sculpture-geometrie-abstraite-creative-resine","status":"publish","type":"product","link":"https:\/\/arqitecture.fr\/en\/product\/sculpture-geometrie-abstraite-creative-resine\/","title":{"rendered":"Sculpture G\u00e9om\u00e9trie abstraite cr\u00e9ative 29-30cm, R\u00e9sine"},"content":{"rendered":"<p>\u25ba \u263c Fera le plus bel effet \u00e0 m\u00eame le sol, sur une console, une colonne ou une \u00e9tag\u00e8re<\/p>\n<p>\u25ba Modern and soothing atmosphere<\/p>\n<p>\u25ba Decoration of terrace, veranda, garden, office, living room or bedroom<\/p>\n<p>\u25ba Cadeau de mariage ou pour votre partenaire<\/p>","protected":false},"excerpt":{"rendered":"<p>Statue G\u00e9om\u00e9trie abstraite cr\u00e9ative.<\/p>\n<div class=\"product-specs-list-container\">\n<p>R\u00e9sine effet gr\u00e8s + fer<\/p>\n<\/div>","protected":false},"featured_media":18522,"template":"","meta":{"_et_pb_use_builder":"","_et_pb_old_content":"","_et_gb_content_width":""},"product_brand":[],"product_cat":[7408,7406],"product_tag":[],"class_list":{"0":"post-18487","1":"product","2":"type-product","3":"status-publish","4":"has-post-thumbnail","6":"product_cat-deco-yin","7":"product_cat-tous-les-produits","8":"product_shipping_class-colissimo","9":"pa_couleur-a","10":"pa_couleur-b","11":"pa_couleur-c","12":"pa_couleur-d","14":"first","15":"instock","16":"taxable","17":"shipping-taxable","18":"purchasable","19":"product-type-variable"},"aioseo_notices":[],"_links":{"self":[{"href":"https:\/\/arqitecture.fr\/en\/wp-json\/wp\/v2\/product\/18487","targetHints":{"allow":["GET"]}}],"collection":[{"href":"https:\/\/arqitecture.fr\/en\/wp-json\/wp\/v2\/product"}],"about":[{"href":"https:\/\/arqitecture.fr\/en\/wp-json\/wp\/v2\/types\/product"}],"wp:featuredmedia":[{"embeddable":true,"href":"https:\/\/arqitecture.fr\/en\/wp-json\/wp\/v2\/media\/18522"}],"wp:attachment":[{"href":"https:\/\/arqitecture.fr\/en\/wp-json\/wp\/v2\/media?parent=18487"}],"wp:term":[{"taxonomy":"product_brand","embeddable":true,"href":"https:\/\/arqitecture.fr\/en\/wp-json\/wp\/v2\/product_brand?post=18487"},{"taxonomy":"product_cat","embeddable":true,"href":"https:\/\/arqitecture.fr\/en\/wp-json\/wp\/v2\/product_cat?post=18487"},{"taxonomy":"product_tag","embeddable":true,"href":"https:\/\/arqitecture.fr\/en\/wp-json\/wp\/v2\/product_tag?post=18487"}],"curies":[{"name":"wp","href":"https:\/\/api.w.org\/{rel}","templated":true}]}}