{"id":18452,"date":"2024-04-02T12:03:36","date_gmt":"2024-04-02T10:03:36","guid":{"rendered":"https:\/\/arqitecture.fr\/produit\/bol-chantant-tibetain-avec-anciers-en-cuir-mantra-2\/"},"modified":"2024-09-16T14:09:03","modified_gmt":"2024-09-16T12:09:03","slug":"bol-chantant-tibetain-avec-anciers-en-cuir-mantra-2","status":"publish","type":"product","link":"https:\/\/arqitecture.fr\/en\/product\/bol-chantant-tibetain-avec-anciers-en-cuir-mantra-2\/","title":{"rendered":"Tibetan singing bowl with leather handles, Mantra"},"content":{"rendered":"<div class=\"et_pb_module et_pb_wc_description et_pb_wc_description_0_tb_body et_pb_bg_layout_light et_pb_text_align_left\">\n<div class=\"et_pb_module_inner\">\n<p>Strike the bowl in circles around the edge of the bowl for a pleasant sound and deep vibrations.<\/p>\n<p>Gift for friends and family to take with you when traveling.<\/p>\n<p>Le bol chante tr\u00e8s facilement et produit un son riche, harmonique et apaisant qui dure longtemps.<\/p>\n<\/div>\n<\/div>\n<div class=\"detailmodule_html\">\n<div class=\"detail-desc-decorate-richtext\">\n<p id=\"tl_2\">Il permet de produire des sons \u00e9nergiques et vibrants qui ont fourni une relaxation sans stress.<\/p>\n<p>Ces bols chantants s&rsquo;utilisent pour la m\u00e9ditation, la musique, la relaxation, le bien-\u00eatre personnel, l&rsquo;\u00e9nergie de gu\u00e9rison et la cr\u00e9ation de chakras, etc. depuis des g\u00e9n\u00e9rations.<\/p>\n<p>Ils sont populaires dans les salles de classe pour aider \u00e0 faciliter les activit\u00e9s de groupe et attirer l&rsquo;attention des \u00e9l\u00e8ves.<\/p>\n<p>&nbsp;<\/p>\n<\/div>\n<\/div>","protected":false},"excerpt":{"rendered":"<p>Tibetan singing bowl with leather handles.<\/p>\n<p>Buddha and mantra design.<\/p>\n<p>For meditation and yoga<\/p>\n<p>Handmade<\/p>\n<p id=\"tl_3\">Sp\u00e9cifications:<br \/>\nMat\u00e9riau: cuivre + bois<\/p>\n<p>Inclus<br \/>\n1 x bol chantant<br \/>\n1 x martel\u00e9 \u00e0 la main<\/p>\n<p>Au choix plusieurs diam\u00e8tres :<\/p>","protected":false},"featured_media":18453,"template":"","meta":{"_et_pb_use_builder":"","_et_pb_old_content":"","_et_gb_content_width":""},"product_brand":[],"product_cat":[7411,7406],"product_tag":[],"class_list":{"0":"post-18452","1":"product","2":"type-product","3":"status-publish","4":"has-post-thumbnail","6":"product_cat-deco-metal","7":"product_cat-tous-les-produits","8":"product_shipping_class-colissimo","9":"pa_couleur-bronze-11-cm","10":"pa_couleur-bronze-12-cm","11":"pa_couleur-bronze-13-cm","12":"pa_couleur-bronze-17-cm","13":"pa_couleur-bronze-15-cm","14":"pa_couleur-bronze-20-cm","15":"pa_couleur-bronze-8-cm","16":"pa_couleur-bronze9-cm","18":"first","19":"instock","20":"taxable","21":"shipping-taxable","22":"purchasable","23":"product-type-variable"},"aioseo_notices":[],"_links":{"self":[{"href":"https:\/\/arqitecture.fr\/en\/wp-json\/wp\/v2\/product\/18452","targetHints":{"allow":["GET"]}}],"collection":[{"href":"https:\/\/arqitecture.fr\/en\/wp-json\/wp\/v2\/product"}],"about":[{"href":"https:\/\/arqitecture.fr\/en\/wp-json\/wp\/v2\/types\/product"}],"wp:featuredmedia":[{"embeddable":true,"href":"https:\/\/arqitecture.fr\/en\/wp-json\/wp\/v2\/media\/18453"}],"wp:attachment":[{"href":"https:\/\/arqitecture.fr\/en\/wp-json\/wp\/v2\/media?parent=18452"}],"wp:term":[{"taxonomy":"product_brand","embeddable":true,"href":"https:\/\/arqitecture.fr\/en\/wp-json\/wp\/v2\/product_brand?post=18452"},{"taxonomy":"product_cat","embeddable":true,"href":"https:\/\/arqitecture.fr\/en\/wp-json\/wp\/v2\/product_cat?post=18452"},{"taxonomy":"product_tag","embeddable":true,"href":"https:\/\/arqitecture.fr\/en\/wp-json\/wp\/v2\/product_tag?post=18452"}],"curies":[{"name":"wp","href":"https:\/\/api.w.org\/{rel}","templated":true}]}}