{"id":18144,"date":"2023-12-14T16:17:19","date_gmt":"2023-12-14T15:17:19","guid":{"rendered":"https:\/\/arqitecture.fr\/?post_type=product&#038;p=18144"},"modified":"2024-10-08T10:18:04","modified_gmt":"2024-10-08T08:18:04","slug":"statue-elephant-h-16-cm-resine","status":"publish","type":"product","link":"https:\/\/arqitecture.fr\/en\/product\/statue-elephant-h-16-cm-resine\/","title":{"rendered":"Statue \u00c9l\u00e9phant H16cm, R\u00e9sine"},"content":{"rendered":"<p>\u25ba It will look great \u263c on a piece of furniture or a coffee table<\/p>\n<p>\u25ba For an exotic touch in your interior and a safari atmosphere<\/p>\n<p>\u25ba Decoration of entrance, hallway, office or living room<\/p>\n<p>\u25ba Remember a vacation memory<\/p>\n<p>\u25ba Thank you gift, birthday, Christmas, Valentine&#039;s Day, Parents&#039; Day or dinner invitation<\/p>\n<p>&nbsp;<\/p>\n<p><span class=\"ILfuVd\" lang=\"fr\"><span class=\"d9FyLd\"><b>\u262f<\/b><\/span><\/span> In Feng Shui, the elephant is a symbol of majesty and longevity, releasing gentle energy and infinite wisdom.<\/p>\n<p>Place the elephant so that its trunk is towards the inside of the place and its rear towards the entrance door.<\/p>\n<p>To attract protect, bring balance and success, love and good luck to your place of life or work.<\/p>\n<p>If for Westerners this animal is the living image of heaviness and clumsiness, Asia has a fundamentally different idea of it.<\/p>\n<p>It is the mount of kings, it is a symbol of royal power, stability and immutability.<\/p>\n<p>The elephant is the beginning and the end. It evokes Awakening.<\/p>\n<p>Man is the main enemy of the African elephant.<\/p>\n<p>&nbsp;<\/p>\n<p>&nbsp;<\/p>\n<p>&nbsp;<\/p>","protected":false},"excerpt":{"rendered":"<p>Statue of an adorable lucky African elephant, standing in motion with one leg raised and trunk upwards.<\/p>\n<p>Contemporary and realistic style.<\/p>\n<p>In resin with a brown tinted finish<\/p>\n<p>H 16 cm<\/p>\n<p>Length 26 cm<\/p>\n<p>Belly width 8 cm<\/p>","protected":false},"featured_media":18149,"template":"","meta":{"_et_pb_use_builder":"","_et_pb_old_content":"","_et_gb_content_width":""},"product_brand":[],"product_cat":[7410,7406],"product_tag":[],"class_list":{"0":"post-18144","1":"product","2":"type-product","3":"status-publish","4":"has-post-thumbnail","6":"product_cat-deco-animaux","7":"product_cat-tous-les-produits","9":"first","10":"instock","11":"taxable","12":"shipping-taxable","13":"purchasable","14":"product-type-simple"},"aioseo_notices":[],"_links":{"self":[{"href":"https:\/\/arqitecture.fr\/en\/wp-json\/wp\/v2\/product\/18144","targetHints":{"allow":["GET"]}}],"collection":[{"href":"https:\/\/arqitecture.fr\/en\/wp-json\/wp\/v2\/product"}],"about":[{"href":"https:\/\/arqitecture.fr\/en\/wp-json\/wp\/v2\/types\/product"}],"wp:featuredmedia":[{"embeddable":true,"href":"https:\/\/arqitecture.fr\/en\/wp-json\/wp\/v2\/media\/18149"}],"wp:attachment":[{"href":"https:\/\/arqitecture.fr\/en\/wp-json\/wp\/v2\/media?parent=18144"}],"wp:term":[{"taxonomy":"product_brand","embeddable":true,"href":"https:\/\/arqitecture.fr\/en\/wp-json\/wp\/v2\/product_brand?post=18144"},{"taxonomy":"product_cat","embeddable":true,"href":"https:\/\/arqitecture.fr\/en\/wp-json\/wp\/v2\/product_cat?post=18144"},{"taxonomy":"product_tag","embeddable":true,"href":"https:\/\/arqitecture.fr\/en\/wp-json\/wp\/v2\/product_tag?post=18144"}],"curies":[{"name":"wp","href":"https:\/\/api.w.org\/{rel}","templated":true}]}}