{"id":18116,"date":"2024-04-17T18:29:26","date_gmt":"2024-04-17T16:29:26","guid":{"rendered":"https:\/\/arqitecture.fr\/?post_type=product&#038;p=18116"},"modified":"2025-10-07T14:34:21","modified_gmt":"2025-10-07T12:34:21","slug":"meuble-table-haute-de-jardin-et-4-tabourets-bois-et-metal","status":"publish","type":"product","link":"https:\/\/arqitecture.fr\/en\/product\/meuble-table-haute-de-jardin-et-4-tabourets-bois-et-metal\/","title":{"rendered":"Furniture High garden table and 4 stools, Wood and Metal"},"content":{"rendered":"<p>\u25ba Ambiance Nature et design<\/p>\n<p>\u25ba It will give another dimension to the space<\/p>\n<p>\u25ba For meals with family or with guests to share a friendly moment<\/p>\n<p>\u25ba Garden furniture, terrace or veranda<\/p>\n<p>\u25ba Furniture for hotels, restaurants or bars<\/p>\n<p>\u25ba Wedding gift<\/p>\n<p>&nbsp;<\/p>\n<p>The art of the table was born in antiquity with feasts and banquets.<\/p>\n<p>Les romains mangeaient couch\u00e9s et c&rsquo;est \u00e0 partir du 7\u00e8me si\u00e8cle on voit appara\u00eetre les tr\u00e9teaux et les bancs.<\/p>\n<p>The dining room appeared in the 17th century and became widespread in the 18th.<\/p>\n<p>During the Renaissance, fixed tables appeared.<\/p>\n<p>&nbsp;<\/p>","protected":false},"excerpt":{"rendered":"<p>Wooden high table and 4 white metal stools set.<\/p>\n<p>Acacia wood<\/p>\n<p>The wood is FSC certified and comes from sustainable forests.<\/p>\n<p>Anti-corrosion treated metal<\/p>\n<p><strong>Dimension: <\/strong><\/p>\n<p>Total Dimensions: L 43 x H 82 x D 46 cm<\/p>\n<p>Seat: L 43 x D 46 cm<\/p>\n<p>Seat height: 75 cm<\/p>\n<p>Dimensions: 159 x 90 x H 95 cm<\/p>","protected":false},"featured_media":18117,"template":"","meta":{"_et_pb_use_builder":"","_et_pb_old_content":"","_et_gb_content_width":""},"product_brand":[],"product_cat":[7413,7411,7408,7406],"product_tag":[],"class_list":{"0":"post-18116","1":"product","2":"type-product","3":"status-publish","4":"has-post-thumbnail","6":"product_cat-deco-bois","7":"product_cat-deco-metal","8":"product_cat-deco-yin","9":"product_cat-tous-les-produits","11":"first","12":"instock","13":"taxable","14":"shipping-taxable","15":"purchasable","16":"product-type-simple"},"aioseo_notices":[],"_links":{"self":[{"href":"https:\/\/arqitecture.fr\/en\/wp-json\/wp\/v2\/product\/18116","targetHints":{"allow":["GET"]}}],"collection":[{"href":"https:\/\/arqitecture.fr\/en\/wp-json\/wp\/v2\/product"}],"about":[{"href":"https:\/\/arqitecture.fr\/en\/wp-json\/wp\/v2\/types\/product"}],"wp:featuredmedia":[{"embeddable":true,"href":"https:\/\/arqitecture.fr\/en\/wp-json\/wp\/v2\/media\/18117"}],"wp:attachment":[{"href":"https:\/\/arqitecture.fr\/en\/wp-json\/wp\/v2\/media?parent=18116"}],"wp:term":[{"taxonomy":"product_brand","embeddable":true,"href":"https:\/\/arqitecture.fr\/en\/wp-json\/wp\/v2\/product_brand?post=18116"},{"taxonomy":"product_cat","embeddable":true,"href":"https:\/\/arqitecture.fr\/en\/wp-json\/wp\/v2\/product_cat?post=18116"},{"taxonomy":"product_tag","embeddable":true,"href":"https:\/\/arqitecture.fr\/en\/wp-json\/wp\/v2\/product_tag?post=18116"}],"curies":[{"name":"wp","href":"https:\/\/api.w.org\/{rel}","templated":true}]}}