{"id":17626,"date":"2024-04-24T15:04:37","date_gmt":"2024-04-24T13:04:37","guid":{"rendered":"https:\/\/arqitecture.fr\/?post_type=product&#038;p=17626"},"modified":"2024-11-04T13:05:00","modified_gmt":"2024-11-04T12:05:00","slug":"sculpture-buste-feminin-h-62-cm-bronze","status":"publish","type":"product","link":"https:\/\/arqitecture.fr\/en\/product\/sculpture-buste-feminin-h-62-cm-bronze\/","title":{"rendered":"Sculpture Buste F\u00e9minin H62cm, Bronze"},"content":{"rendered":"<p>\u25ba A la fois discr\u00e8te et imposante<\/p>\n<p>\u25ba Ambiance intimiste<\/p>\n<p>\u25ba Superbe d\u00e9coration de salon, de bureau, salle de d\u00e9tente ou de restaurants \/ h\u00f4tels<\/p>\n<p>\u25ba Tr\u00e8s beau cadeau pour votre femme, ami(e), ou une occasion telle qu&rsquo;un anniversaire, un mariage, une cr\u00e9maill\u00e8re<br \/>\nou un d\u00e9part en retraite<\/p>","protected":false},"excerpt":{"rendered":"<p>Sculpture of a large female torso in bronze.<\/p>\n<p>Dimensions: 26 x 20 x 62 cm<\/p>","protected":false},"featured_media":17629,"template":"","meta":{"_et_pb_use_builder":"","_et_pb_old_content":"","_et_gb_content_width":""},"product_brand":[],"product_cat":[7411,7408,7406],"product_tag":[],"class_list":{"0":"post-17626","1":"product","2":"type-product","3":"status-publish","4":"has-post-thumbnail","6":"product_cat-deco-metal","7":"product_cat-deco-yin","8":"product_cat-tous-les-produits","10":"first","11":"instock","12":"taxable","13":"shipping-taxable","14":"purchasable","15":"product-type-simple"},"aioseo_notices":[],"_links":{"self":[{"href":"https:\/\/arqitecture.fr\/en\/wp-json\/wp\/v2\/product\/17626","targetHints":{"allow":["GET"]}}],"collection":[{"href":"https:\/\/arqitecture.fr\/en\/wp-json\/wp\/v2\/product"}],"about":[{"href":"https:\/\/arqitecture.fr\/en\/wp-json\/wp\/v2\/types\/product"}],"wp:featuredmedia":[{"embeddable":true,"href":"https:\/\/arqitecture.fr\/en\/wp-json\/wp\/v2\/media\/17629"}],"wp:attachment":[{"href":"https:\/\/arqitecture.fr\/en\/wp-json\/wp\/v2\/media?parent=17626"}],"wp:term":[{"taxonomy":"product_brand","embeddable":true,"href":"https:\/\/arqitecture.fr\/en\/wp-json\/wp\/v2\/product_brand?post=17626"},{"taxonomy":"product_cat","embeddable":true,"href":"https:\/\/arqitecture.fr\/en\/wp-json\/wp\/v2\/product_cat?post=17626"},{"taxonomy":"product_tag","embeddable":true,"href":"https:\/\/arqitecture.fr\/en\/wp-json\/wp\/v2\/product_tag?post=17626"}],"curies":[{"name":"wp","href":"https:\/\/api.w.org\/{rel}","templated":true}]}}