{"id":17622,"date":"2024-04-24T14:54:07","date_gmt":"2024-04-24T12:54:07","guid":{"rendered":"https:\/\/arqitecture.fr\/?post_type=product&#038;p=17622"},"modified":"2024-11-04T13:05:18","modified_gmt":"2024-11-04T12:05:18","slug":"sculpture-buste-torse-masculin-h-56-cm-bronze","status":"publish","type":"product","link":"https:\/\/arqitecture.fr\/en\/product\/sculpture-buste-torse-masculin-h-56-cm-bronze\/","title":{"rendered":"Sculpture Buste Torse masculin H56cm, Bronze"},"content":{"rendered":"<p>\u25ba A la fois discr\u00e8te et imposante<\/p>\n<p>\u25ba Ambiance intimiste<\/p>\n<p>\u25ba Superbe d\u00e9coration de salon, de bureau, salle de d\u00e9tente ou de restaurants \/ h\u00f4tels<\/p>\n<p>\u25ba Tr\u00e8s beau cadeau pour votre femme, ami(e), ou une occasion telle qu&rsquo;un anniversaire, un mariage, une cr\u00e9maill\u00e8re<br \/>\nou un d\u00e9part en retraite<\/p>","protected":false},"excerpt":{"rendered":"<p>Sculpture of a bronze male torso to pose.<\/p>\n<p>Dimensions: 41 x 20 x 56 cm<\/p>","protected":false},"featured_media":17624,"template":"","meta":{"_et_pb_use_builder":"","_et_pb_old_content":"","_et_gb_content_width":""},"product_brand":[],"product_cat":[7411,7408,7406],"product_tag":[],"class_list":{"0":"post-17622","1":"product","2":"type-product","3":"status-publish","4":"has-post-thumbnail","6":"product_cat-deco-metal","7":"product_cat-deco-yin","8":"product_cat-tous-les-produits","10":"first","11":"instock","12":"taxable","13":"shipping-taxable","14":"purchasable","15":"product-type-simple"},"aioseo_notices":[],"_links":{"self":[{"href":"https:\/\/arqitecture.fr\/en\/wp-json\/wp\/v2\/product\/17622","targetHints":{"allow":["GET"]}}],"collection":[{"href":"https:\/\/arqitecture.fr\/en\/wp-json\/wp\/v2\/product"}],"about":[{"href":"https:\/\/arqitecture.fr\/en\/wp-json\/wp\/v2\/types\/product"}],"wp:featuredmedia":[{"embeddable":true,"href":"https:\/\/arqitecture.fr\/en\/wp-json\/wp\/v2\/media\/17624"}],"wp:attachment":[{"href":"https:\/\/arqitecture.fr\/en\/wp-json\/wp\/v2\/media?parent=17622"}],"wp:term":[{"taxonomy":"product_brand","embeddable":true,"href":"https:\/\/arqitecture.fr\/en\/wp-json\/wp\/v2\/product_brand?post=17622"},{"taxonomy":"product_cat","embeddable":true,"href":"https:\/\/arqitecture.fr\/en\/wp-json\/wp\/v2\/product_cat?post=17622"},{"taxonomy":"product_tag","embeddable":true,"href":"https:\/\/arqitecture.fr\/en\/wp-json\/wp\/v2\/product_tag?post=17622"}],"curies":[{"name":"wp","href":"https:\/\/api.w.org\/{rel}","templated":true}]}}