{"id":17539,"date":"2024-04-24T15:00:53","date_gmt":"2024-04-24T13:00:53","guid":{"rendered":"https:\/\/arqitecture.fr\/?post_type=product&#038;p=17539"},"modified":"2025-07-21T16:03:09","modified_gmt":"2025-07-21T14:03:09","slug":"sculpture-grand-penseur-de-rodin-h-1-20m-bronze","status":"publish","type":"product","link":"https:\/\/arqitecture.fr\/en\/product\/sculpture-grand-penseur-de-rodin-h-1-20m-bronze\/","title":{"rendered":"Sculpture Grand Penseur de Rodin H 1,20m, Bronze"},"content":{"rendered":"<p>\u25ba \u263c Will look great on a console or column<\/p>\n<p>\u25ba Modern and meditative atmosphere<\/p>\n<p>\u25ba Decoration of terrace, veranda, garden, office, library, living room or bedroom<\/p>\n<p>\u25ba Recall memories<\/p>\n<p>\u25ba Wedding gift, housewarming, retirement, for your partner or a friend<\/p>\n<p>&nbsp;<\/p>\n<p>The sculptor Auguste Rodin modeled this work of art in 1880.<\/p>\n<p>He is considered the father of modern sculpture.<\/p>","protected":false},"excerpt":{"rendered":"<p>Faithful reproduction of Rodin&#039;s The Thinker in bronze.<\/p>\n<p>Repr\u00e9sente un homme fort assis sur un socle en train de penser, plong\u00e9 dans ses r\u00e9flexions, main sur la m\u00e2choire inf\u00e9rieure.<\/p>\n<p>One of the most famous sculptures of all time.<\/p>\n<p>Dimensions: 75 x 50 x 120 cm (sculpture sans socle)<br \/>\nPoids de la sculpture : 75 Kg<\/p>\n<p>Poids du socle 100 Kg ; Dimension : 60 x 60 x 40 cm<\/p>\n<p>Il n&rsquo;y a pas d&rsquo;autres socles possibles pour cette sculpture.<br \/>\nLes transporteurs \/ Livreurs ne font pas les emplacements, la sculpture est livr\u00e9e en pas de porte.<\/p>\n<p>Livraison: comptez 2 semaines max<br \/>\nSi vous souhaitez que le socle soit fix\u00e9 \u00e0 la sculpture, veuillez le pr\u00e9ciser.<\/p>","protected":false},"featured_media":17540,"template":"","meta":{"_et_pb_use_builder":"","_et_pb_old_content":"","_et_gb_content_width":""},"product_brand":[],"product_cat":[7411,7408,7406],"product_tag":[],"class_list":{"0":"post-17539","1":"product","2":"type-product","3":"status-publish","4":"has-post-thumbnail","6":"product_cat-deco-metal","7":"product_cat-deco-yin","8":"product_cat-tous-les-produits","10":"first","11":"instock","12":"taxable","13":"shipping-taxable","14":"purchasable","15":"product-type-simple"},"aioseo_notices":[],"_links":{"self":[{"href":"https:\/\/arqitecture.fr\/en\/wp-json\/wp\/v2\/product\/17539","targetHints":{"allow":["GET"]}}],"collection":[{"href":"https:\/\/arqitecture.fr\/en\/wp-json\/wp\/v2\/product"}],"about":[{"href":"https:\/\/arqitecture.fr\/en\/wp-json\/wp\/v2\/types\/product"}],"wp:featuredmedia":[{"embeddable":true,"href":"https:\/\/arqitecture.fr\/en\/wp-json\/wp\/v2\/media\/17540"}],"wp:attachment":[{"href":"https:\/\/arqitecture.fr\/en\/wp-json\/wp\/v2\/media?parent=17539"}],"wp:term":[{"taxonomy":"product_brand","embeddable":true,"href":"https:\/\/arqitecture.fr\/en\/wp-json\/wp\/v2\/product_brand?post=17539"},{"taxonomy":"product_cat","embeddable":true,"href":"https:\/\/arqitecture.fr\/en\/wp-json\/wp\/v2\/product_cat?post=17539"},{"taxonomy":"product_tag","embeddable":true,"href":"https:\/\/arqitecture.fr\/en\/wp-json\/wp\/v2\/product_tag?post=17539"}],"curies":[{"name":"wp","href":"https:\/\/api.w.org\/{rel}","templated":true}]}}