{"id":17363,"date":"2024-01-14T19:40:32","date_gmt":"2024-01-14T18:40:32","guid":{"rendered":"https:\/\/arqitecture.fr\/?post_type=product&#038;p=17363"},"modified":"2024-10-31T13:14:37","modified_gmt":"2024-10-31T12:14:37","slug":"meuble-pouf-carre-tissu-h-40-cm","status":"publish","type":"product","link":"https:\/\/arqitecture.fr\/en\/product\/meuble-pouf-carre-tissu-h-40-cm\/","title":{"rendered":"Meuble Pouf carr\u00e9 H40cm, Tissu"},"content":{"rendered":"<p>\u25ba Apportera une touche de confort \u00e0 votre d\u00e9coration d&rsquo;int\u00e9rieur<\/p>\n<p>\u25ba Inspiring and relaxing atmosphere<\/p>\n<p>\u25ba Pour se d\u00e9tendre en famille ou recevoir des invit\u00e9s<\/p>\n<p>\u25ba Furniture for living room, office, hotels or bedroom<\/p>","protected":false},"excerpt":{"rendered":"<p>Pouf carr\u00e9 compact pour int\u00e9rieur. <\/p>\n<p>Deux poign\u00e9es en simili-cuir marron pour pouvoir le porter, d\u00e9placer avec facilit\u00e9.<\/p>\n<p>Polyester and cotton fabric.<\/p>\n<p>H 40 cm<\/p>\n<p>Seat: 39 x 39 cm<\/p>\n<\/div>\n<\/div>","protected":false},"featured_media":17369,"template":"","meta":{"_et_pb_use_builder":"","_et_pb_old_content":"","_et_gb_content_width":""},"product_brand":[],"product_cat":[7408,7406],"product_tag":[],"class_list":{"0":"post-17363","1":"product","2":"type-product","3":"status-publish","4":"has-post-thumbnail","6":"product_cat-deco-yin","7":"product_cat-tous-les-produits","9":"first","10":"instock","11":"taxable","12":"shipping-taxable","13":"purchasable","14":"product-type-simple"},"aioseo_notices":[],"_links":{"self":[{"href":"https:\/\/arqitecture.fr\/en\/wp-json\/wp\/v2\/product\/17363","targetHints":{"allow":["GET"]}}],"collection":[{"href":"https:\/\/arqitecture.fr\/en\/wp-json\/wp\/v2\/product"}],"about":[{"href":"https:\/\/arqitecture.fr\/en\/wp-json\/wp\/v2\/types\/product"}],"wp:featuredmedia":[{"embeddable":true,"href":"https:\/\/arqitecture.fr\/en\/wp-json\/wp\/v2\/media\/17369"}],"wp:attachment":[{"href":"https:\/\/arqitecture.fr\/en\/wp-json\/wp\/v2\/media?parent=17363"}],"wp:term":[{"taxonomy":"product_brand","embeddable":true,"href":"https:\/\/arqitecture.fr\/en\/wp-json\/wp\/v2\/product_brand?post=17363"},{"taxonomy":"product_cat","embeddable":true,"href":"https:\/\/arqitecture.fr\/en\/wp-json\/wp\/v2\/product_cat?post=17363"},{"taxonomy":"product_tag","embeddable":true,"href":"https:\/\/arqitecture.fr\/en\/wp-json\/wp\/v2\/product_tag?post=17363"}],"curies":[{"name":"wp","href":"https:\/\/api.w.org\/{rel}","templated":true}]}}