{"id":17128,"date":"2024-03-03T11:20:56","date_gmt":"2024-03-03T10:20:56","guid":{"rendered":"https:\/\/arqitecture.fr\/?post_type=product&#038;p=17128"},"modified":"2024-10-28T13:15:55","modified_gmt":"2024-10-28T12:15:55","slug":"coeur-a-accrocher-13-cm-design-metal-martele","status":"publish","type":"product","link":"https:\/\/arqitecture.fr\/en\/product\/coeur-a-accrocher-13-cm-design-metal-martele\/","title":{"rendered":"Coeur \u00e0 accrocher 13cm, Design m\u00e9tal martel\u00e9"},"content":{"rendered":"<p>\u25ba Modern and soothing atmosphere<\/p>\n<p>\u25ba Ajoute une touche de romantisme dans son int\u00e9rieur<\/p>\n<p>\u25ba D\u00e9coration d&rsquo;entr\u00e9e, de couloir, de bureau, de salon ou de chambre<\/p>\n<p>\u25ba Romantic gift for Valentine&#039;s Day, wedding or for your partner<\/p>","protected":false},"excerpt":{"rendered":"<p>C\u0153ur bomb\u00e9 en m\u00e9tal martel\u00e9 (\u00e0 facettes) effet miroir \u00e0 accrocher ou \u00e0 ajouter \u00e0 une d\u00e9coration florale.<\/p>\n<p>Material: aluminum<\/p>\n<p>13cm<\/p>","protected":false},"featured_media":17129,"template":"","meta":{"_et_pb_use_builder":"","_et_pb_old_content":"","_et_gb_content_width":""},"product_brand":[],"product_cat":[7411,7406],"product_tag":[],"class_list":{"0":"post-17128","1":"product","2":"type-product","3":"status-publish","4":"has-post-thumbnail","6":"product_cat-deco-metal","7":"product_cat-tous-les-produits","9":"first","10":"instock","11":"taxable","12":"shipping-taxable","13":"purchasable","14":"product-type-simple"},"aioseo_notices":[],"_links":{"self":[{"href":"https:\/\/arqitecture.fr\/en\/wp-json\/wp\/v2\/product\/17128","targetHints":{"allow":["GET"]}}],"collection":[{"href":"https:\/\/arqitecture.fr\/en\/wp-json\/wp\/v2\/product"}],"about":[{"href":"https:\/\/arqitecture.fr\/en\/wp-json\/wp\/v2\/types\/product"}],"wp:featuredmedia":[{"embeddable":true,"href":"https:\/\/arqitecture.fr\/en\/wp-json\/wp\/v2\/media\/17129"}],"wp:attachment":[{"href":"https:\/\/arqitecture.fr\/en\/wp-json\/wp\/v2\/media?parent=17128"}],"wp:term":[{"taxonomy":"product_brand","embeddable":true,"href":"https:\/\/arqitecture.fr\/en\/wp-json\/wp\/v2\/product_brand?post=17128"},{"taxonomy":"product_cat","embeddable":true,"href":"https:\/\/arqitecture.fr\/en\/wp-json\/wp\/v2\/product_cat?post=17128"},{"taxonomy":"product_tag","embeddable":true,"href":"https:\/\/arqitecture.fr\/en\/wp-json\/wp\/v2\/product_tag?post=17128"}],"curies":[{"name":"wp","href":"https:\/\/api.w.org\/{rel}","templated":true}]}}