{"id":16907,"date":"2024-03-15T16:45:27","date_gmt":"2024-03-15T15:45:27","guid":{"rendered":"https:\/\/arqitecture.fr\/?post_type=product&#038;p=16907"},"modified":"2024-10-31T15:00:19","modified_gmt":"2024-10-31T14:00:19","slug":"sculpture-alliance-h-26-cm-design-metal","status":"publish","type":"product","link":"https:\/\/arqitecture.fr\/en\/product\/sculpture-alliance-h-26-cm-design-metal\/","title":{"rendered":"Sculpture Alliance H26cm, Design m\u00e9tal"},"content":{"rendered":"<p>\u25ba Il attirera tous les regards et renverra la lumi\u00e8re<\/p>\n<p>\u25ba Apporte dynamisme et ancrage<\/p>\n<p>\u25ba Ambiance moderne<\/p>\n<p>\u25ba Mobilier d&rsquo;entr\u00e9e, de salon, bureau ou h\u00f4tels<\/p>\n<p>\u25ba Id\u00e9e cadeau-d\u00e9co pour mariage, anniversaire ou cr\u00e9maill\u00e8re<\/p>","protected":false},"excerpt":{"rendered":"<p>Decorative aluminum sculpture of 2 intertwined rings, infinite movement.<\/p>\n<p>Height 26 cm<\/p>\n<p>Width 19 cm<\/p>","protected":false},"featured_media":16908,"template":"","meta":{"_et_pb_use_builder":"","_et_pb_old_content":"","_et_gb_content_width":""},"product_brand":[],"product_cat":[7411,7406],"product_tag":[],"class_list":{"0":"post-16907","1":"product","2":"type-product","3":"status-publish","4":"has-post-thumbnail","6":"product_cat-deco-metal","7":"product_cat-tous-les-produits","9":"first","10":"instock","11":"taxable","12":"shipping-taxable","13":"purchasable","14":"product-type-simple"},"aioseo_notices":[],"_links":{"self":[{"href":"https:\/\/arqitecture.fr\/en\/wp-json\/wp\/v2\/product\/16907","targetHints":{"allow":["GET"]}}],"collection":[{"href":"https:\/\/arqitecture.fr\/en\/wp-json\/wp\/v2\/product"}],"about":[{"href":"https:\/\/arqitecture.fr\/en\/wp-json\/wp\/v2\/types\/product"}],"wp:featuredmedia":[{"embeddable":true,"href":"https:\/\/arqitecture.fr\/en\/wp-json\/wp\/v2\/media\/16908"}],"wp:attachment":[{"href":"https:\/\/arqitecture.fr\/en\/wp-json\/wp\/v2\/media?parent=16907"}],"wp:term":[{"taxonomy":"product_brand","embeddable":true,"href":"https:\/\/arqitecture.fr\/en\/wp-json\/wp\/v2\/product_brand?post=16907"},{"taxonomy":"product_cat","embeddable":true,"href":"https:\/\/arqitecture.fr\/en\/wp-json\/wp\/v2\/product_cat?post=16907"},{"taxonomy":"product_tag","embeddable":true,"href":"https:\/\/arqitecture.fr\/en\/wp-json\/wp\/v2\/product_tag?post=16907"}],"curies":[{"name":"wp","href":"https:\/\/api.w.org\/{rel}","templated":true}]}}