{"id":16659,"date":"2024-06-01T14:22:45","date_gmt":"2024-06-01T12:22:45","guid":{"rendered":"https:\/\/arqitecture.fr\/?post_type=product&#038;p=16659"},"modified":"2024-10-29T16:03:38","modified_gmt":"2024-10-29T15:03:38","slug":"bougie-en-verre-parfum-aux-choix","status":"publish","type":"product","link":"https:\/\/arqitecture.fr\/en\/product\/bougie-en-verre-parfum-aux-choix\/","title":{"rendered":"Glass Candle, Perfume of your choice"},"content":{"rendered":"<p>The candle is the essential decorative object in our interior.<br \/>\nThrough its flame, it immediately gives a warm, pleasant, zen, fragrant and friendly atmosphere!<br \/>\nThe candle gives the atmosphere we want in our rooms, it is at the same time the decorative touch that we all love!<\/p>\n<p>&nbsp;<\/p>\n<p>\u25ba It will look great \u263c on a piece of furniture or a coffee table<\/p>\n<p>\u25ba Pour une atmosph\u00e8re chaleureuse et romantique<\/p>\n<p>\u25ba Pour illuminer les soir\u00e9es d&rsquo;\u00e9t\u00e9 ou d&rsquo;hiver<\/p>\n<p>\u25ba Pour d\u00e9corer une entr\u00e9e, un salon, un salle \u00e0 manger ou une v\u00e9randa<\/p>\n<p>\u25ba Thank you gift, Valentine&#039;s Day, Mother&#039;s Day or dinner invitation<\/p>","protected":false},"excerpt":{"rendered":"<p>Scented candle, ideal for scenting your interior. With its flame, it immediately gives a warm and zen atmosphere! A touch of color to the decoration and a pleasant smell for a total duration of 32 hours for the glass candle.<\/p>\n<p>H: 8.5cm<\/p>","protected":false},"featured_media":16683,"template":"","meta":{"_et_pb_use_builder":"","_et_pb_old_content":"","_et_gb_content_width":""},"product_brand":[],"product_cat":[7412,7406],"product_tag":[8271,8756,8031,8064,8325,8764,7995,7992,8791,7994,8352,8435,8884,8792,8775,8035,8181,8024],"class_list":{"0":"post-16659","1":"product","2":"type-product","3":"status-publish","4":"has-post-thumbnail","6":"product_cat-deco-feu","7":"product_cat-tous-les-produits","8":"product_tag-ambiance","9":"product_tag-apaisant","10":"product_tag-bougie","11":"product_tag-cadeau","12":"product_tag-calme","13":"product_tag-chaleureux","14":"product_tag-deco","15":"product_tag-decoration","16":"product_tag-detente","17":"product_tag-feng-shui","18":"product_tag-nature","19":"product_tag-odeur","20":"product_tag-parfum","21":"product_tag-repos","22":"product_tag-restaurants","23":"product_tag-senteur","24":"product_tag-verre","25":"product_tag-zen","27":"first","28":"instock","29":"taxable","30":"shipping-taxable","31":"purchasable","32":"product-type-variable"},"aioseo_notices":[],"_links":{"self":[{"href":"https:\/\/arqitecture.fr\/en\/wp-json\/wp\/v2\/product\/16659","targetHints":{"allow":["GET"]}}],"collection":[{"href":"https:\/\/arqitecture.fr\/en\/wp-json\/wp\/v2\/product"}],"about":[{"href":"https:\/\/arqitecture.fr\/en\/wp-json\/wp\/v2\/types\/product"}],"wp:featuredmedia":[{"embeddable":true,"href":"https:\/\/arqitecture.fr\/en\/wp-json\/wp\/v2\/media\/16683"}],"wp:attachment":[{"href":"https:\/\/arqitecture.fr\/en\/wp-json\/wp\/v2\/media?parent=16659"}],"wp:term":[{"taxonomy":"product_brand","embeddable":true,"href":"https:\/\/arqitecture.fr\/en\/wp-json\/wp\/v2\/product_brand?post=16659"},{"taxonomy":"product_cat","embeddable":true,"href":"https:\/\/arqitecture.fr\/en\/wp-json\/wp\/v2\/product_cat?post=16659"},{"taxonomy":"product_tag","embeddable":true,"href":"https:\/\/arqitecture.fr\/en\/wp-json\/wp\/v2\/product_tag?post=16659"}],"curies":[{"name":"wp","href":"https:\/\/api.w.org\/{rel}","templated":true}]}}