{"id":16483,"date":"2024-01-18T14:48:48","date_gmt":"2024-01-18T13:48:48","guid":{"rendered":"https:\/\/arqitecture.fr\/produit\/ensemble-de-support-de-serre-livres-en-bois-naturel\/"},"modified":"2024-10-30T15:14:15","modified_gmt":"2024-10-30T14:14:15","slug":"ensemble-de-support-de-serre-livres-en-bois-naturel","status":"publish","type":"product","link":"https:\/\/arqitecture.fr\/en\/product\/ensemble-de-support-de-serre-livres-en-bois-naturel\/","title":{"rendered":"Serre-livres support H13cm, Design Bois"},"content":{"rendered":"<p>\u25ba Ils feront le plus bel effet \u263c sur une \u00e9tag\u00e8re ou une commode<\/p>\n<p>\u25ba Natural and soothing atmosphere<\/p>\n<p>\u25ba D\u00e9coration d&rsquo;entr\u00e9e, de biblioth\u00e8que, de bureau ou de salon<\/p>\n<p>\u25ba Cadeau id\u00e9al pour les amateurs de lecture<\/p>\n<p>\u25ba Gift for Valentine&#039;s Day, wedding, birthday or housewarming<\/p>\n<p>\u25ba Thank you gift or dinner invitation<\/p>","protected":false},"excerpt":{"rendered":"<p>Set of 2 non-slip wooden bookends in the shape of small rounded doors.<\/p>\n<p>Made of thick, durable light brown metal (iron) and wood.<\/p>\n<p>Flexible, robuste, compact et ne prend pas de place. <\/p>\n<p>Peut supporter des livres de grandes tailles.<\/p>\n<p>H 13cm L10.5 x 9.5cm<\/p>","protected":false},"featured_media":16484,"template":"","meta":{"_et_pb_use_builder":"","_et_pb_old_content":"","_et_gb_content_width":""},"product_brand":[],"product_cat":[7413,7408,7406],"product_tag":[8271,8756,8728,8064,8325,7995,8227,8124,8022,8024],"class_list":{"0":"post-16483","1":"product","2":"type-product","3":"status-publish","4":"has-post-thumbnail","6":"product_cat-deco-bois","7":"product_cat-deco-yin","8":"product_cat-tous-les-produits","9":"product_tag-ambiance","10":"product_tag-apaisant","11":"product_tag-art","12":"product_tag-cadeau","13":"product_tag-calme","14":"product_tag-deco","15":"product_tag-design","16":"product_tag-livre","17":"product_tag-serre-livres","18":"product_tag-zen","19":"pa_couleur-2pcs-bookend","20":"pa_couleur-2pcs-bookend2","21":"pa_couleur-bookend","22":"pa_couleur-bookend1","24":"first","25":"instock","26":"taxable","27":"shipping-taxable","28":"purchasable","29":"product-type-simple"},"aioseo_notices":[],"_links":{"self":[{"href":"https:\/\/arqitecture.fr\/en\/wp-json\/wp\/v2\/product\/16483","targetHints":{"allow":["GET"]}}],"collection":[{"href":"https:\/\/arqitecture.fr\/en\/wp-json\/wp\/v2\/product"}],"about":[{"href":"https:\/\/arqitecture.fr\/en\/wp-json\/wp\/v2\/types\/product"}],"wp:featuredmedia":[{"embeddable":true,"href":"https:\/\/arqitecture.fr\/en\/wp-json\/wp\/v2\/media\/16484"}],"wp:attachment":[{"href":"https:\/\/arqitecture.fr\/en\/wp-json\/wp\/v2\/media?parent=16483"}],"wp:term":[{"taxonomy":"product_brand","embeddable":true,"href":"https:\/\/arqitecture.fr\/en\/wp-json\/wp\/v2\/product_brand?post=16483"},{"taxonomy":"product_cat","embeddable":true,"href":"https:\/\/arqitecture.fr\/en\/wp-json\/wp\/v2\/product_cat?post=16483"},{"taxonomy":"product_tag","embeddable":true,"href":"https:\/\/arqitecture.fr\/en\/wp-json\/wp\/v2\/product_tag?post=16483"}],"curies":[{"name":"wp","href":"https:\/\/api.w.org\/{rel}","templated":true}]}}