{"id":16361,"date":"2024-03-11T19:47:11","date_gmt":"2024-03-11T18:47:11","guid":{"rendered":"https:\/\/arqitecture.fr\/?post_type=product&#038;p=16361"},"modified":"2025-03-08T13:52:50","modified_gmt":"2025-03-08T12:52:50","slug":"feuille-sculpture-design-dore","status":"publish","type":"product","link":"https:\/\/arqitecture.fr\/en\/product\/feuille-sculpture-design-dore\/","title":{"rendered":"Plume sculpture H159cm, Design dor\u00e9"},"content":{"rendered":"<p>Delivery 2 weeks<\/p>\n<p>\u25ba Elle fera le plus bel effet \u263c dans un angle ou un coin<\/p>\n<p>\u25ba Pour une touche verticale \u00e0 sa d\u00e9co<\/p>\n<p>\u25ba Ambiance nature et calme <\/p>\n<p>\u25ba D\u00e9coration de salon ou bureau<\/p>\n<p>\u25ba Cadeau pour une cr\u00e9maill\u00e8re, de remerciements, d&rsquo;anniversaire ou f\u00eate des M\u00e8res<\/p>\n<p>&nbsp;<\/p>\n<p>La plume est le symbole de la paix et de la libert\u00e9 d&rsquo;esprit.<\/p>\n<p>Pour les \u00e9crivains il est n\u00e9cessaire d&rsquo;avoir une belle plume, cet art d&rsquo;\u00e9crire.<\/p>","protected":false},"excerpt":{"rendered":"<p>Haute sculpture d&rsquo;une Plume en aluminium et socle dor\u00e9.<\/p>\n<p>Nature decoration for a soft and warm atmosphere.<\/p>\n<p>Superb living room or office decoration.<\/p>\n<p>Height 159 cm, Length 23 cm, wingspan 26 cm.<\/p>","protected":false},"featured_media":16364,"template":"","meta":{"_et_pb_use_builder":"","_et_pb_old_content":"","_et_gb_content_width":""},"product_brand":[],"product_cat":[7413,7411,7406],"product_tag":[8010,8271,8756,8728,8816,8064,8325,8764,7995,7992,8227,8791,8416,8835,8834,7994,8774,7999,8762,8792,8818,8787,8024],"class_list":{"0":"post-16361","1":"product","2":"type-product","3":"status-publish","4":"has-post-thumbnail","6":"product_cat-deco-bois","7":"product_cat-deco-metal","8":"product_cat-tous-les-produits","9":"product_tag-aluminium","10":"product_tag-ambiance","11":"product_tag-apaisant","12":"product_tag-art","13":"product_tag-cabinet-avocat","14":"product_tag-cadeau","15":"product_tag-calme","16":"product_tag-chaleureux","17":"product_tag-deco","18":"product_tag-decoration","19":"product_tag-design","20":"product_tag-detente","21":"product_tag-dore","22":"product_tag-douce","23":"product_tag-doux","24":"product_tag-feng-shui","25":"product_tag-hotels","26":"product_tag-metal","27":"product_tag-oeuvre","28":"product_tag-repos","29":"product_tag-restaurant","30":"product_tag-salle-dattente","31":"product_tag-zen","33":"first","34":"instock","35":"taxable","36":"shipping-taxable","37":"purchasable","38":"product-type-simple"},"aioseo_notices":[],"_links":{"self":[{"href":"https:\/\/arqitecture.fr\/en\/wp-json\/wp\/v2\/product\/16361","targetHints":{"allow":["GET"]}}],"collection":[{"href":"https:\/\/arqitecture.fr\/en\/wp-json\/wp\/v2\/product"}],"about":[{"href":"https:\/\/arqitecture.fr\/en\/wp-json\/wp\/v2\/types\/product"}],"wp:featuredmedia":[{"embeddable":true,"href":"https:\/\/arqitecture.fr\/en\/wp-json\/wp\/v2\/media\/16364"}],"wp:attachment":[{"href":"https:\/\/arqitecture.fr\/en\/wp-json\/wp\/v2\/media?parent=16361"}],"wp:term":[{"taxonomy":"product_brand","embeddable":true,"href":"https:\/\/arqitecture.fr\/en\/wp-json\/wp\/v2\/product_brand?post=16361"},{"taxonomy":"product_cat","embeddable":true,"href":"https:\/\/arqitecture.fr\/en\/wp-json\/wp\/v2\/product_cat?post=16361"},{"taxonomy":"product_tag","embeddable":true,"href":"https:\/\/arqitecture.fr\/en\/wp-json\/wp\/v2\/product_tag?post=16361"}],"curies":[{"name":"wp","href":"https:\/\/api.w.org\/{rel}","templated":true}]}}