{"id":16317,"date":"2024-06-01T16:36:04","date_gmt":"2024-06-01T14:36:04","guid":{"rendered":"https:\/\/arqitecture.fr\/?post_type=product&#038;p=16317"},"modified":"2024-11-04T10:41:32","modified_gmt":"2024-11-04T09:41:32","slug":"lampe-union-sculpture-bois-design","status":"publish","type":"product","link":"https:\/\/arqitecture.fr\/en\/product\/lampe-union-sculpture-bois-design\/","title":{"rendered":"UNION sculpture lamp, Wood design"},"content":{"rendered":"<p>Delivery 2 weeks<\/p>\n<p>\u25ba A la fois discr\u00e8te et originale<\/p>\n<p>\u25ba Ambiance nature et authenticit\u00e9<\/p>\n<p>\u25ba Superbe d\u00e9coration de salon, de bureau, salle de m\u00e9ditation ou de restaurant<\/p>\n<p>\u25ba Decoration of hotels, restaurants or bars<\/p>\n<p>\u25ba Tr\u00e8s beau cadeau pour votre femme, ami(e), grand m\u00e8re ou une occasion telle qu&rsquo;un anniversaire, un mariage, une cr\u00e9maill\u00e8re<br \/>\nou un d\u00e9part en retraite<\/p>","protected":false},"excerpt":{"rendered":"<p>Lamp and oval lampshade in dark brown fabric on black rectangular metal base.<\/p>\n<p>Lamp holder made of a piece of wood connecting like synapses.<\/p>\n<p>E27 socket for 60 Watt max bulb, CE certified, without luminous agent.<\/p>\n<p>L 20 cm, wingspan 55 cm and H 71 cm<\/p>","protected":false},"featured_media":16321,"template":"","meta":{"_et_pb_use_builder":"","_et_pb_old_content":"","_et_gb_content_width":""},"product_brand":[],"product_cat":[7413,7412,7406],"product_tag":[8634,8094,8271,8756,8728,8046,8816,8064,8325,8097,8764,7995,7992,8227,8791,7994,8774,8228,8755,8126,7999,8352,8762,8792,8818,8787,8000,8024],"class_list":{"0":"post-16317","1":"product","2":"type-product","3":"status-publish","4":"has-post-thumbnail","6":"product_cat-deco-bois","7":"product_cat-deco-feu","8":"product_cat-tous-les-produits","9":"product_tag-abat-jour","10":"product_tag-acier","11":"product_tag-ambiance","12":"product_tag-apaisant","13":"product_tag-art","14":"product_tag-bois","15":"product_tag-cabinet-avocat","16":"product_tag-cadeau","17":"product_tag-calme","18":"product_tag-cercle","19":"product_tag-chaleureux","20":"product_tag-deco","21":"product_tag-decoration","22":"product_tag-design","23":"product_tag-detente","24":"product_tag-feng-shui","25":"product_tag-hotels","26":"product_tag-lampe","27":"product_tag-luminosite","28":"product_tag-marron","29":"product_tag-metal","30":"product_tag-nature","31":"product_tag-oeuvre","32":"product_tag-repos","33":"product_tag-restaurant","34":"product_tag-salle-dattente","35":"product_tag-sculpture","36":"product_tag-zen","38":"first","39":"instock","40":"taxable","41":"shipping-taxable","42":"purchasable","43":"product-type-simple"},"aioseo_notices":[],"_links":{"self":[{"href":"https:\/\/arqitecture.fr\/en\/wp-json\/wp\/v2\/product\/16317","targetHints":{"allow":["GET"]}}],"collection":[{"href":"https:\/\/arqitecture.fr\/en\/wp-json\/wp\/v2\/product"}],"about":[{"href":"https:\/\/arqitecture.fr\/en\/wp-json\/wp\/v2\/types\/product"}],"wp:featuredmedia":[{"embeddable":true,"href":"https:\/\/arqitecture.fr\/en\/wp-json\/wp\/v2\/media\/16321"}],"wp:attachment":[{"href":"https:\/\/arqitecture.fr\/en\/wp-json\/wp\/v2\/media?parent=16317"}],"wp:term":[{"taxonomy":"product_brand","embeddable":true,"href":"https:\/\/arqitecture.fr\/en\/wp-json\/wp\/v2\/product_brand?post=16317"},{"taxonomy":"product_cat","embeddable":true,"href":"https:\/\/arqitecture.fr\/en\/wp-json\/wp\/v2\/product_cat?post=16317"},{"taxonomy":"product_tag","embeddable":true,"href":"https:\/\/arqitecture.fr\/en\/wp-json\/wp\/v2\/product_tag?post=16317"}],"curies":[{"name":"wp","href":"https:\/\/api.w.org\/{rel}","templated":true}]}}