{"id":16293,"date":"2024-06-01T15:43:34","date_gmt":"2024-06-01T13:43:34","guid":{"rendered":"https:\/\/arqitecture.fr\/?post_type=product&#038;p=16293"},"modified":"2024-11-04T11:50:21","modified_gmt":"2024-11-04T10:50:21","slug":"lampe-nature-et-support-bois-design-nature","status":"publish","type":"product","link":"https:\/\/arqitecture.fr\/en\/product\/lampe-nature-et-support-bois-design-nature\/","title":{"rendered":"ENVOL sculpture lamp, Wood design"},"content":{"rendered":"<p>Delivery 2 weeks<\/p>\n<p>\u25ba A la fois discr\u00e8te et imposante<\/p>\n<p>\u25ba Ambiance nature et authenticit\u00e9<\/p>\n<p>\u25ba Superbe d\u00e9coration de salon, de bureau, salle de d\u00e9tente ou de chambre<\/p>\n<p>\u25ba Decoration of hotels, restaurants or bars<\/p>\n<p>\u25ba Tr\u00e8s beau cadeau pour votre femme, ami(e), grand m\u00e8re ou une occasion telle qu&rsquo;un anniversaire, un mariage, une cr\u00e9maill\u00e8re<br \/>\nou un d\u00e9part en retraite<\/p>","protected":false},"excerpt":{"rendered":"<p>Lamp and circular lampshade in light brown fabric on black square metal base.<\/p>\n<p>Lamp holder in two-tone feather-cut wood.<\/p>\n<p>E27 socket for 60 Watt max bulb, CE certified, without luminous agent.<\/p>\n<p>Wood, MDF<\/p>\n<p>L 41 cm, wingspan 45 cm and H 74.5 cm<\/p>","protected":false},"featured_media":19821,"template":"","meta":{"_et_pb_use_builder":"","_et_pb_old_content":"","_et_gb_content_width":""},"product_brand":[],"product_cat":[7413,7412,7406],"product_tag":[8634,8094,8271,8756,8728,8776,8816,8064,8325,8764,7995,7992,8227,8791,7994,8774,8228,8755,7999,8352,8762,8792,8775,8787,8000,8024],"class_list":{"0":"post-16293","1":"product","2":"type-product","3":"status-publish","4":"has-post-thumbnail","6":"product_cat-deco-bois","7":"product_cat-deco-feu","8":"product_cat-tous-les-produits","9":"product_tag-abat-jour","10":"product_tag-acier","11":"product_tag-ambiance","12":"product_tag-apaisant","13":"product_tag-art","14":"product_tag-bars","15":"product_tag-cabinet-avocat","16":"product_tag-cadeau","17":"product_tag-calme","18":"product_tag-chaleureux","19":"product_tag-deco","20":"product_tag-decoration","21":"product_tag-design","22":"product_tag-detente","23":"product_tag-feng-shui","24":"product_tag-hotels","25":"product_tag-lampe","26":"product_tag-luminosite","27":"product_tag-metal","28":"product_tag-nature","29":"product_tag-oeuvre","30":"product_tag-repos","31":"product_tag-restaurants","32":"product_tag-salle-dattente","33":"product_tag-sculpture","34":"product_tag-zen","36":"first","37":"instock","38":"taxable","39":"shipping-taxable","40":"purchasable","41":"product-type-simple"},"aioseo_notices":[],"_links":{"self":[{"href":"https:\/\/arqitecture.fr\/en\/wp-json\/wp\/v2\/product\/16293","targetHints":{"allow":["GET"]}}],"collection":[{"href":"https:\/\/arqitecture.fr\/en\/wp-json\/wp\/v2\/product"}],"about":[{"href":"https:\/\/arqitecture.fr\/en\/wp-json\/wp\/v2\/types\/product"}],"wp:featuredmedia":[{"embeddable":true,"href":"https:\/\/arqitecture.fr\/en\/wp-json\/wp\/v2\/media\/19821"}],"wp:attachment":[{"href":"https:\/\/arqitecture.fr\/en\/wp-json\/wp\/v2\/media?parent=16293"}],"wp:term":[{"taxonomy":"product_brand","embeddable":true,"href":"https:\/\/arqitecture.fr\/en\/wp-json\/wp\/v2\/product_brand?post=16293"},{"taxonomy":"product_cat","embeddable":true,"href":"https:\/\/arqitecture.fr\/en\/wp-json\/wp\/v2\/product_cat?post=16293"},{"taxonomy":"product_tag","embeddable":true,"href":"https:\/\/arqitecture.fr\/en\/wp-json\/wp\/v2\/product_tag?post=16293"}],"curies":[{"name":"wp","href":"https:\/\/api.w.org\/{rel}","templated":true}]}}