{"id":15436,"date":"2024-08-23T17:10:48","date_gmt":"2024-08-23T15:10:48","guid":{"rendered":"https:\/\/site-test.jd-web-et-design.fr\/produit\/decoration-sculpture-lapin-lievre-bronze-chasse\/"},"modified":"2024-10-17T11:03:54","modified_gmt":"2024-10-17T09:03:54","slug":"decoration-sculpture-lapin-lievre-bronze-chasse","status":"publish","type":"product","link":"https:\/\/arqitecture.fr\/en\/product\/decoration-sculpture-lapin-lievre-bronze-chasse\/","title":{"rendered":"Hare Bronze sculpture on marble base"},"content":{"rendered":"<p>Delivery 2 weeks<\/p>\n<p>\u25ba Will look great \u263c on a console<\/p>\n<p>\u25ba Dynamic atmosphere<\/p>\n<p>\u25ba Office or living room decoration<\/p>\n<p>\u25ba Cadeau id\u00e9al pour les amateurs ou passionn\u00e9s de chasse ou de nature<\/p>\n<p>\u25ba Gift for Valentine&#039;s Day, Christmas, wedding, birthday or housewarming<\/p>\n<p>&nbsp;<\/p>\n<p>Le li\u00e8vre symbolise la fertilit\u00e9, la prudence et l&rsquo;instinct.<\/p>\n<p>Pour les Celtes, c&rsquo;\u00e9tait un animal sacr\u00e9 et mystique.<\/p>\n<p>Il permet de faire face aux changements impr\u00e9vus et de surmonter ses peurs par l&rsquo;action \u00e0 bon escient ou agir \u00e0 propos.<\/p>\n<p>Le li\u00e8vre est le 5\u00e8me\u00a0signe de l&rsquo;horoscope chinois.<\/p>\n<p><span class=\"ILfuVd\" lang=\"fr\"><span class=\"d9FyLd\"><b>\u262f\u00a0 <\/b><\/span><\/span>En Feng shui, le li\u00e8vre d\u00e9signe l&rsquo;\u00e9nergie de type Bois Yin (la vitalit\u00e9 de l&rsquo;herbe ou mousse).<\/p>\n<p>&nbsp;<\/p>","protected":false},"excerpt":{"rendered":"<p>Bronze sculpture representing a hare in movement on a black marble base.<\/p>\n<p>A work of art appreciated by hunters, friends of nature and its animals.<\/p>\n<p>Brings a dynamic and stimulating atmosphere.<\/p>\n<p><span style=\"font-size: 8pt;\">Brown bronze<\/span><\/p>\n<p><span style=\"font-size: 8pt;\">H 47 cm<br \/>\n<\/span><\/p>","protected":false},"featured_media":15435,"template":"","meta":{"_et_pb_use_builder":"","_et_pb_old_content":"","_et_gb_content_width":""},"product_brand":[],"product_cat":[7410,7411,7406],"product_tag":[8728,8776,8620,8064,8764,8651,7995,7992,8227,8470,7994,8813,8774,8736,8737,8755,7999,8352,8762,8775,8000,8778,8779,8024],"class_list":{"0":"post-15436","1":"product","2":"type-product","3":"status-publish","4":"has-post-thumbnail","6":"product_cat-deco-animaux","7":"product_cat-deco-metal","8":"product_cat-tous-les-produits","9":"product_tag-art","10":"product_tag-bars","11":"product_tag-bronze","12":"product_tag-cadeau","13":"product_tag-chaleureux","14":"product_tag-chasse","15":"product_tag-deco","16":"product_tag-decoration","17":"product_tag-design","18":"product_tag-dynamique","19":"product_tag-feng-shui","20":"product_tag-horoscope","21":"product_tag-hotels","22":"product_tag-lapin","23":"product_tag-lievre","24":"product_tag-luminosite","25":"product_tag-metal","26":"product_tag-nature","27":"product_tag-oeuvre","28":"product_tag-restaurants","29":"product_tag-sculpture","30":"product_tag-signe-astrologique","31":"product_tag-signe-du-zodiaque","32":"product_tag-zen","33":"pa_diametre-145cm","34":"pa_hauteur-47cm","35":"pa_longueur-49cm","37":"first","38":"instock","39":"taxable","40":"shipping-taxable","41":"purchasable","42":"product-type-simple"},"aioseo_notices":[],"_links":{"self":[{"href":"https:\/\/arqitecture.fr\/en\/wp-json\/wp\/v2\/product\/15436","targetHints":{"allow":["GET"]}}],"collection":[{"href":"https:\/\/arqitecture.fr\/en\/wp-json\/wp\/v2\/product"}],"about":[{"href":"https:\/\/arqitecture.fr\/en\/wp-json\/wp\/v2\/types\/product"}],"wp:featuredmedia":[{"embeddable":true,"href":"https:\/\/arqitecture.fr\/en\/wp-json\/wp\/v2\/media\/15435"}],"wp:attachment":[{"href":"https:\/\/arqitecture.fr\/en\/wp-json\/wp\/v2\/media?parent=15436"}],"wp:term":[{"taxonomy":"product_brand","embeddable":true,"href":"https:\/\/arqitecture.fr\/en\/wp-json\/wp\/v2\/product_brand?post=15436"},{"taxonomy":"product_cat","embeddable":true,"href":"https:\/\/arqitecture.fr\/en\/wp-json\/wp\/v2\/product_cat?post=15436"},{"taxonomy":"product_tag","embeddable":true,"href":"https:\/\/arqitecture.fr\/en\/wp-json\/wp\/v2\/product_tag?post=15436"}],"curies":[{"name":"wp","href":"https:\/\/api.w.org\/{rel}","templated":true}]}}