{"id":15434,"date":"2024-08-22T16:59:01","date_gmt":"2024-08-22T14:59:01","guid":{"rendered":"https:\/\/site-test.jd-web-et-design.fr\/produit\/decoration-pieuvre-octopus-mer-ocean-sculpture-poisson\/"},"modified":"2024-10-17T11:11:04","modified_gmt":"2024-10-17T09:11:04","slug":"decoration-pieuvre-octopus-mer-ocean-sculpture-poisson","status":"publish","type":"product","link":"https:\/\/arqitecture.fr\/en\/product\/decoration-pieuvre-octopus-mer-ocean-sculpture-poisson\/","title":{"rendered":"Octopus sculpture OCTOPODE, Bronze"},"content":{"rendered":"<p>Delivery time: 2 weeks<\/p>\n<p>\u25ba Will look great \u263c on a console<\/p>\n<p>\u25ba Ambiance vigilante<\/p>\n<p>\u25ba Office or living room decoration<\/p>\n<p>\u25ba Cadeau id\u00e9al pour les amateurs ou passionn\u00e9s d&rsquo;oc\u00e9an<\/p>\n<p>\u25ba Gift for Valentine&#039;s Day, Christmas, wedding, birthday or housewarming<\/p>\n<p>&nbsp;<\/p>\n<p>La pieuvre symbolise l&rsquo;adaptabilit\u00e9.<\/p>\n<p>The octopus has camouflage abilities, is strategic and skillful while exercising caution.<\/p>\n<p>Elle permet de faire face \u00e0 l&rsquo;incertitude des \u00e9v\u00e9nements en nous rappelant d&rsquo;\u00eatre tel un cam\u00e9l\u00e9on.<\/p>","protected":false},"excerpt":{"rendered":"<p>Splendid sculpture representing an octopus on its moving tentacles, in bronze and black patina.<\/p>\n<p>Brings an atmosphere of rigor in business and reminds us of the astonishing intellectual abilities of the octopus.<\/p>\n<p>Height 28 cm<\/p>\n<p>Limited quantity<\/p>","protected":false},"featured_media":15432,"template":"","meta":{"_et_pb_use_builder":"","_et_pb_old_content":"","_et_gb_content_width":""},"product_brand":[],"product_cat":[7410,7411,7406],"product_tag":[8756,8728,8776,8620,8064,8764,7995,7992,8227,8470,7994,8774,8377,7999,8352,8735,8734,8762,8733,8569,8216,8775,8000,8024],"class_list":{"0":"post-15434","1":"product","2":"type-product","3":"status-publish","4":"has-post-thumbnail","6":"product_cat-deco-animaux","7":"product_cat-deco-metal","8":"product_cat-tous-les-produits","9":"product_tag-apaisant","10":"product_tag-art","11":"product_tag-bars","12":"product_tag-bronze","13":"product_tag-cadeau","14":"product_tag-chaleureux","15":"product_tag-deco","16":"product_tag-decoration","17":"product_tag-design","18":"product_tag-dynamique","19":"product_tag-feng-shui","20":"product_tag-hotels","21":"product_tag-mer","22":"product_tag-metal","23":"product_tag-nature","24":"product_tag-ocean","25":"product_tag-octopus","26":"product_tag-oeuvre","27":"product_tag-pieuvre","28":"product_tag-piscine","29":"product_tag-poisson","30":"product_tag-restaurants","31":"product_tag-sculpture","32":"product_tag-zen","33":"pa_diametre-20cm","34":"pa_hauteur-28cm","35":"pa_longueur-65cm","37":"first","38":"instock","39":"taxable","40":"shipping-taxable","41":"purchasable","42":"product-type-simple"},"aioseo_notices":[],"_links":{"self":[{"href":"https:\/\/arqitecture.fr\/en\/wp-json\/wp\/v2\/product\/15434","targetHints":{"allow":["GET"]}}],"collection":[{"href":"https:\/\/arqitecture.fr\/en\/wp-json\/wp\/v2\/product"}],"about":[{"href":"https:\/\/arqitecture.fr\/en\/wp-json\/wp\/v2\/types\/product"}],"wp:featuredmedia":[{"embeddable":true,"href":"https:\/\/arqitecture.fr\/en\/wp-json\/wp\/v2\/media\/15432"}],"wp:attachment":[{"href":"https:\/\/arqitecture.fr\/en\/wp-json\/wp\/v2\/media?parent=15434"}],"wp:term":[{"taxonomy":"product_brand","embeddable":true,"href":"https:\/\/arqitecture.fr\/en\/wp-json\/wp\/v2\/product_brand?post=15434"},{"taxonomy":"product_cat","embeddable":true,"href":"https:\/\/arqitecture.fr\/en\/wp-json\/wp\/v2\/product_cat?post=15434"},{"taxonomy":"product_tag","embeddable":true,"href":"https:\/\/arqitecture.fr\/en\/wp-json\/wp\/v2\/product_tag?post=15434"}],"curies":[{"name":"wp","href":"https:\/\/api.w.org\/{rel}","templated":true}]}}