{"id":15431,"date":"2024-03-14T13:12:15","date_gmt":"2024-03-14T12:12:15","guid":{"rendered":"https:\/\/site-test.jd-web-et-design.fr\/produit\/fraise-rouge-deco-maison-table\/"},"modified":"2025-02-08T21:45:55","modified_gmt":"2025-02-08T20:45:55","slug":"fraise-rouge-deco-maison-table","status":"publish","type":"product","link":"https:\/\/arqitecture.fr\/en\/product\/fraise-rouge-deco-maison-table\/","title":{"rendered":"Fraise d\u00e9co Rouge H6cm, C\u00e9ramique"},"content":{"rendered":"<p>\u25ba Elle fera le plus bel effet \u263c sur une table, une console, un meuble bas ou encore sur une \u00e9tag\u00e8re<\/p>\n<p>\u25ba Pour une touche rouge \u00e0 sa d\u00e9co<\/p>\n<p>\u25ba Ambiance nature et \u00e9nergique<\/p>\n<p>\u25ba D\u00e9coration de table, cuisine, salle \u00e0 manger ou salon<\/p>\n<p>\u25ba Cadeau pour une cr\u00e9maill\u00e8re, de remerciements, d&rsquo;anniversaire ou f\u00eate des M\u00e8res<\/p>\n<p>&nbsp;<\/p>\n<p>La Fraise est le symbole de plaisir d&rsquo;amour, elle repr\u00e9sente V\u00e9nus la d\u00e9esse de l&rsquo;amour.<\/p>\n<p>Son origine est lointaine datant du N\u00e9olithique et ce sont les oiseaux qui rependirent les graines partout dans le monde.<\/p>","protected":false},"excerpt":{"rendered":"<p>Fraise d\u00e9corative.<\/p>\n<p>Une d\u00e9co des plus tendances qui pourra apporter la touche gourmande \u00e0 votre table.<\/p>\n<div class=\"std\">Ceramic \u00b7 red \/ silver \u00b7 glazed<\/div>\n<div><\/div>\n<div class=\"blockinfo hoehe\"><span class=\"which\">Height<\/span>: <span class=\"value\">6<\/span> <span class=\"unit\">cm<\/span><\/div>\n<div class=\"blockinfo breite\"><span class=\"which\">Width<\/span>: <span class=\"value\">8<\/span> <span class=\"unit\">cm<\/span><\/div>\n<div class=\"blockinfo laenge\"><span class=\"which\">Depth<\/span>: <span class=\"value\">6<\/span> <span class=\"unit\">cm<\/span><\/div>","protected":false},"featured_media":15429,"template":"","meta":{"_et_pb_use_builder":"","_et_pb_old_content":"","_et_gb_content_width":""},"product_brand":[],"product_cat":[7413,7412,7415,7406],"product_tag":[8497,7992,8731,8732,8200],"class_list":{"0":"post-15431","1":"product","2":"type-product","3":"status-publish","4":"has-post-thumbnail","6":"product_cat-deco-bois","7":"product_cat-deco-feu","8":"product_cat-deco-terre","9":"product_cat-tous-les-produits","10":"product_tag-deco-table","11":"product_tag-decoration","12":"product_tag-fraise","13":"product_tag-fruit","14":"product_tag-rouges","15":"pa_hauteur-6cm","17":"first","18":"outofstock","19":"sale","20":"taxable","21":"shipping-taxable","22":"purchasable","23":"product-type-simple"},"aioseo_notices":[],"_links":{"self":[{"href":"https:\/\/arqitecture.fr\/en\/wp-json\/wp\/v2\/product\/15431","targetHints":{"allow":["GET"]}}],"collection":[{"href":"https:\/\/arqitecture.fr\/en\/wp-json\/wp\/v2\/product"}],"about":[{"href":"https:\/\/arqitecture.fr\/en\/wp-json\/wp\/v2\/types\/product"}],"wp:featuredmedia":[{"embeddable":true,"href":"https:\/\/arqitecture.fr\/en\/wp-json\/wp\/v2\/media\/15429"}],"wp:attachment":[{"href":"https:\/\/arqitecture.fr\/en\/wp-json\/wp\/v2\/media?parent=15431"}],"wp:term":[{"taxonomy":"product_brand","embeddable":true,"href":"https:\/\/arqitecture.fr\/en\/wp-json\/wp\/v2\/product_brand?post=15431"},{"taxonomy":"product_cat","embeddable":true,"href":"https:\/\/arqitecture.fr\/en\/wp-json\/wp\/v2\/product_cat?post=15431"},{"taxonomy":"product_tag","embeddable":true,"href":"https:\/\/arqitecture.fr\/en\/wp-json\/wp\/v2\/product_tag?post=15431"}],"curies":[{"name":"wp","href":"https:\/\/api.w.org\/{rel}","templated":true}]}}