{"id":15307,"date":"2024-03-13T18:54:30","date_gmt":"2024-03-13T17:54:30","guid":{"rendered":"https:\/\/site-test.jd-web-et-design.fr\/produit\/poivron-rouge-deco-maison-table\/"},"modified":"2024-10-30T10:01:42","modified_gmt":"2024-10-30T09:01:42","slug":"poivron-rouge-deco-maison-table","status":"publish","type":"product","link":"https:\/\/arqitecture.fr\/en\/product\/poivron-rouge-deco-maison-table\/","title":{"rendered":"Poivron H13cm, C\u00e9ramique rouge"},"content":{"rendered":"<p>\u25ba Il fera le plus bel effet \u263c sur une table, une console, un meuble bas ou encore sur une \u00e9tag\u00e8re<\/p>\n<p>\u25ba Pour pimenter \u00e0 sa d\u00e9co<\/p>\n<p>\u25ba Ambiance nature et \u00e9nergique<\/p>\n<p>\u25ba D\u00e9coration de table, cuisine, salle \u00e0 manger ou salon<\/p>\n<p>\u25ba Cadeau pour une cr\u00e9maill\u00e8re, de remerciements, d&rsquo;anniversaire ou f\u00eate des M\u00e8res<\/p>\n<p>&nbsp;<\/p>\n<p>L&rsquo;apparition du poivron dans nos assiettes remonte \u00e0 1785 et son nom est une d\u00e9rive du mot Poivre.<\/p>\n<p>Vari\u00e9t\u00e9 de piments doux.<\/p>","protected":false},"excerpt":{"rendered":"<p>Un superbe poivron d\u00e9coratif pour votre cuisine ou salle \u00e0 manger.<\/p>\n<p>A trendy decoration in red and silver ceramic that can bring a gourmet touch to your table.<\/p>\n<p>H 13 cm<\/p>\n<p>(the one on the left in the photo)<\/p>","protected":false},"featured_media":15303,"template":"","meta":{"_et_pb_use_builder":"","_et_pb_old_content":"","_et_gb_content_width":""},"product_brand":[],"product_cat":[7413,7412,7415,7406],"product_tag":[8497,7992,8721,8200],"class_list":{"0":"post-15307","1":"product","2":"type-product","3":"status-publish","4":"has-post-thumbnail","6":"product_cat-deco-bois","7":"product_cat-deco-feu","8":"product_cat-deco-terre","9":"product_cat-tous-les-produits","10":"product_tag-deco-table","11":"product_tag-decoration","12":"product_tag-poivron","13":"product_tag-rouges","14":"pa_hauteur-13cm","15":"pa_largeur-95cm","17":"first","18":"instock","19":"taxable","20":"shipping-taxable","21":"purchasable","22":"product-type-simple"},"aioseo_notices":[],"_links":{"self":[{"href":"https:\/\/arqitecture.fr\/en\/wp-json\/wp\/v2\/product\/15307","targetHints":{"allow":["GET"]}}],"collection":[{"href":"https:\/\/arqitecture.fr\/en\/wp-json\/wp\/v2\/product"}],"about":[{"href":"https:\/\/arqitecture.fr\/en\/wp-json\/wp\/v2\/types\/product"}],"wp:featuredmedia":[{"embeddable":true,"href":"https:\/\/arqitecture.fr\/en\/wp-json\/wp\/v2\/media\/15303"}],"wp:attachment":[{"href":"https:\/\/arqitecture.fr\/en\/wp-json\/wp\/v2\/media?parent=15307"}],"wp:term":[{"taxonomy":"product_brand","embeddable":true,"href":"https:\/\/arqitecture.fr\/en\/wp-json\/wp\/v2\/product_brand?post=15307"},{"taxonomy":"product_cat","embeddable":true,"href":"https:\/\/arqitecture.fr\/en\/wp-json\/wp\/v2\/product_cat?post=15307"},{"taxonomy":"product_tag","embeddable":true,"href":"https:\/\/arqitecture.fr\/en\/wp-json\/wp\/v2\/product_tag?post=15307"}],"curies":[{"name":"wp","href":"https:\/\/api.w.org\/{rel}","templated":true}]}}