{"id":15196,"date":"2024-02-11T20:24:16","date_gmt":"2024-02-11T19:24:16","guid":{"rendered":"https:\/\/site-test.jd-web-et-design.fr\/produit\/statue-skieur-resine-decoration-maison\/"},"modified":"2024-10-07T11:10:02","modified_gmt":"2024-10-07T09:10:02","slug":"statue-skieur-resine-decoration-maison","status":"publish","type":"product","link":"https:\/\/arqitecture.fr\/en\/product\/statue-skieur-resine-decoration-maison\/","title":{"rendered":"Sculpture Skieur en piste H23cm, R\u00e9sine"},"content":{"rendered":"<p>\u25ba \u263c Will look great on a console or shelf<\/p>\n<p>\u25ba Modern and dynamic atmosphere<\/p>\n<p>\u25ba Office or living room decoration<\/p>\n<p>\u25ba Ideal gift for amateurs, enthusiasts or experienced players of this sport<\/p>\n<p>\u25ba Thank you gift, dinner invitation, birthday or housewarming.<\/p>\n<p>&nbsp;<\/p>\n<p>Skiing is a symbol of speed and headlong flight.<\/p>\n<p>Skiing is the fastest non-motorized sport in the world.<\/p>\n<p>He talks about vacations.<\/p>","protected":false},"excerpt":{"rendered":"<p>\u201cSkier on piste\u201d sculpture to pose.<\/p>\n<p>Silver and white polyresin<\/p>\n<p>Socle blanc, la piste.<\/p>\n<p>Skieur style minimaliste gris argent\u00e9, dos rond, skis parall\u00e8les et b\u00e2tons en arri\u00e8re, tout schuss.<\/p>\n<pre><\/pre>","protected":false},"featured_media":19794,"template":"","meta":{"_et_pb_use_builder":"","_et_pb_old_content":"","_et_gb_content_width":""},"product_brand":[],"product_cat":[7409,7406],"product_tag":[7992,8000,8717],"class_list":{"0":"post-15196","1":"product","2":"type-product","3":"status-publish","4":"has-post-thumbnail","6":"product_cat-deco-yang","7":"product_cat-tous-les-produits","8":"product_tag-decoration","9":"product_tag-sculpture","10":"product_tag-skieur","11":"pa_hauteur-23cm","12":"pa_largeur-6cm","13":"pa_longueur-17cm","15":"first","16":"instock","17":"taxable","18":"shipping-taxable","19":"purchasable","20":"product-type-simple"},"aioseo_notices":[],"_links":{"self":[{"href":"https:\/\/arqitecture.fr\/en\/wp-json\/wp\/v2\/product\/15196","targetHints":{"allow":["GET"]}}],"collection":[{"href":"https:\/\/arqitecture.fr\/en\/wp-json\/wp\/v2\/product"}],"about":[{"href":"https:\/\/arqitecture.fr\/en\/wp-json\/wp\/v2\/types\/product"}],"wp:featuredmedia":[{"embeddable":true,"href":"https:\/\/arqitecture.fr\/en\/wp-json\/wp\/v2\/media\/19794"}],"wp:attachment":[{"href":"https:\/\/arqitecture.fr\/en\/wp-json\/wp\/v2\/media?parent=15196"}],"wp:term":[{"taxonomy":"product_brand","embeddable":true,"href":"https:\/\/arqitecture.fr\/en\/wp-json\/wp\/v2\/product_brand?post=15196"},{"taxonomy":"product_cat","embeddable":true,"href":"https:\/\/arqitecture.fr\/en\/wp-json\/wp\/v2\/product_cat?post=15196"},{"taxonomy":"product_tag","embeddable":true,"href":"https:\/\/arqitecture.fr\/en\/wp-json\/wp\/v2\/product_tag?post=15196"}],"curies":[{"name":"wp","href":"https:\/\/api.w.org\/{rel}","templated":true}]}}