{"id":15125,"date":"2024-04-23T17:03:20","date_gmt":"2024-04-23T15:03:20","guid":{"rendered":"https:\/\/site-test.jd-web-et-design.fr\/produit\/tirelire-cochon-design-metal-deco\/"},"modified":"2024-10-28T12:38:41","modified_gmt":"2024-10-28T11:38:41","slug":"tirelire-cochon-design-metal-deco","status":"publish","type":"product","link":"https:\/\/arqitecture.fr\/en\/product\/tirelire-cochon-design-metal-deco\/","title":{"rendered":"Tirelire Cochon H8,5cm, Design M\u00e9tal"},"content":{"rendered":"<p>\u25ba Elle trouvera sa place dans un lieu discret de la maison<\/p>\n<p>\u25ba Ambiance design<\/p>\n<p>\u25ba Office or living room decoration<\/p>\n<p>\u25ba Gift for Valentine&#039;s Day, Christmas, wedding, birthday or housewarming<\/p>","protected":false},"excerpt":{"rendered":"<p>Tirelire Cochon pour agr\u00e9menter sa d\u00e9co.<\/p>\n<p>Peut \u00eatre utiliser comme ornement ou pour g\u00e9rer ses petites \u00e9conomies.<\/p>\n<p>Made of aluminum, does not break!<\/p>\n<p>Ouverture au niveau du ventre du cochon<\/p>\n<p>13.5 x 8.5 cm<\/p>","protected":false},"featured_media":17709,"template":"","meta":{"_et_pb_use_builder":"","_et_pb_old_content":"","_et_gb_content_width":""},"product_brand":[],"product_cat":[7410,7411,7406],"product_tag":[8700,7995,8227,7999,8699],"class_list":{"0":"post-15125","1":"product","2":"type-product","3":"status-publish","4":"has-post-thumbnail","6":"product_cat-deco-animaux","7":"product_cat-deco-metal","8":"product_cat-tous-les-produits","9":"product_tag-cochon","10":"product_tag-deco","11":"product_tag-design","12":"product_tag-metal","13":"product_tag-tirelire","14":"pa_hauteur-8_5cm","15":"pa_longueur-13_5cm","17":"first","18":"instock","19":"taxable","20":"shipping-taxable","21":"purchasable","22":"product-type-simple"},"aioseo_notices":[],"_links":{"self":[{"href":"https:\/\/arqitecture.fr\/en\/wp-json\/wp\/v2\/product\/15125","targetHints":{"allow":["GET"]}}],"collection":[{"href":"https:\/\/arqitecture.fr\/en\/wp-json\/wp\/v2\/product"}],"about":[{"href":"https:\/\/arqitecture.fr\/en\/wp-json\/wp\/v2\/types\/product"}],"wp:featuredmedia":[{"embeddable":true,"href":"https:\/\/arqitecture.fr\/en\/wp-json\/wp\/v2\/media\/17709"}],"wp:attachment":[{"href":"https:\/\/arqitecture.fr\/en\/wp-json\/wp\/v2\/media?parent=15125"}],"wp:term":[{"taxonomy":"product_brand","embeddable":true,"href":"https:\/\/arqitecture.fr\/en\/wp-json\/wp\/v2\/product_brand?post=15125"},{"taxonomy":"product_cat","embeddable":true,"href":"https:\/\/arqitecture.fr\/en\/wp-json\/wp\/v2\/product_cat?post=15125"},{"taxonomy":"product_tag","embeddable":true,"href":"https:\/\/arqitecture.fr\/en\/wp-json\/wp\/v2\/product_tag?post=15125"}],"curies":[{"name":"wp","href":"https:\/\/api.w.org\/{rel}","templated":true}]}}