{"id":14953,"date":"2024-01-24T11:37:32","date_gmt":"2024-01-24T10:37:32","guid":{"rendered":"https:\/\/site-test.jd-web-et-design.fr\/produit\/sculpture-hommes-ensemble-resine-dore\/"},"modified":"2024-10-31T14:58:35","modified_gmt":"2024-10-31T13:58:35","slug":"sculpture-hommes-ensemble-resine-dore","status":"publish","type":"product","link":"https:\/\/arqitecture.fr\/en\/product\/sculpture-hommes-ensemble-resine-dore\/","title":{"rendered":"Sculpture Hommes \u00ab\u00a0Tous ensemble\u00a0\u00bb H30cm, R\u00e9sine dor\u00e9e"},"content":{"rendered":"<p>\u25ba Elle attirera tous les regards<\/p>\n<p>\u25ba Harmonious atmosphere<\/p>\n<p>\u25ba D\u00e9coration d&rsquo;entr\u00e9e, de salon, de chambre ou de bureau<\/p>\n<p>\u25ba Id\u00e9e cadeau-d\u00e9co pour mariage, anniversaire ou cr\u00e9maill\u00e8re<\/p>","protected":false},"excerpt":{"rendered":"<p>Sculpture d&rsquo;un groupe de 4 hommes se tenant par la main debout en cercle. <\/p>\n<p>Sur une base carr\u00e9e noire.<\/p>\n<p>Polyr\u00e9sine l\u00e9ger dor\u00e9 effet bronze.<\/p>\n<p>H 30 cm<\/p>","protected":false},"featured_media":14947,"template":"","meta":{"_et_pb_use_builder":"","_et_pb_old_content":"","_et_gb_content_width":""},"product_brand":[],"product_cat":[7408,7406],"product_tag":[7995,8668,8669,8231,8000],"class_list":{"0":"post-14953","1":"product","2":"type-product","3":"status-publish","4":"has-post-thumbnail","6":"product_cat-deco-yin","7":"product_cat-tous-les-produits","8":"product_tag-deco","9":"product_tag-ensemble","10":"product_tag-groupe","11":"product_tag-homme","12":"product_tag-sculpture","13":"pa_hauteur-30cm","14":"pa_largeur-12cm","15":"pa_longueur-12cm","17":"first","18":"instock","19":"taxable","20":"shipping-taxable","21":"purchasable","22":"product-type-simple"},"aioseo_notices":[],"_links":{"self":[{"href":"https:\/\/arqitecture.fr\/en\/wp-json\/wp\/v2\/product\/14953","targetHints":{"allow":["GET"]}}],"collection":[{"href":"https:\/\/arqitecture.fr\/en\/wp-json\/wp\/v2\/product"}],"about":[{"href":"https:\/\/arqitecture.fr\/en\/wp-json\/wp\/v2\/types\/product"}],"wp:featuredmedia":[{"embeddable":true,"href":"https:\/\/arqitecture.fr\/en\/wp-json\/wp\/v2\/media\/14947"}],"wp:attachment":[{"href":"https:\/\/arqitecture.fr\/en\/wp-json\/wp\/v2\/media?parent=14953"}],"wp:term":[{"taxonomy":"product_brand","embeddable":true,"href":"https:\/\/arqitecture.fr\/en\/wp-json\/wp\/v2\/product_brand?post=14953"},{"taxonomy":"product_cat","embeddable":true,"href":"https:\/\/arqitecture.fr\/en\/wp-json\/wp\/v2\/product_cat?post=14953"},{"taxonomy":"product_tag","embeddable":true,"href":"https:\/\/arqitecture.fr\/en\/wp-json\/wp\/v2\/product_tag?post=14953"}],"curies":[{"name":"wp","href":"https:\/\/api.w.org\/{rel}","templated":true}]}}