{"id":14810,"date":"2024-01-04T17:22:53","date_gmt":"2024-01-04T16:22:53","guid":{"rendered":"https:\/\/site-test.jd-web-et-design.fr\/produit\/arum-fleurs-decoration-maison-feng-shui\/"},"modified":"2024-10-29T14:08:05","modified_gmt":"2024-10-29T13:08:05","slug":"arum-fleurs-decoration-maison-feng-shui","status":"publish","type":"product","link":"https:\/\/arqitecture.fr\/en\/product\/arum-fleurs-decoration-maison-feng-shui\/","title":{"rendered":"Fleur Arum blanc H68cm"},"content":{"rendered":"<p>\u25ba Elle fera le plus bel effet \u263c dans vos vases, en bouquet ou dans une composition florale<\/p>\n<p>\u25ba Donnera une \u00e2me \u00e0 votre int\u00e9rieur<\/p>\n<p>\u25ba Pour une touche de nature et d&rsquo;harmonie<\/p>\n<p>\u25ba A mettre dans un vase ou une jarre<\/p>\n<p>\u25ba Pour d\u00e9corer une entr\u00e9e, une cuisine, un salon, un salle \u00e0 manger, dans une v\u00e9randa ou terrasse<\/p>\n<p>\u25ba Cadeau id\u00e9al pour les amateurs de jardin et passionn\u00e9s de nature et de ses plantes<\/p>\n<p>\u25ba Pour agr\u00e9menter une d\u00e9coration de mariage<\/p>","protected":false},"excerpt":{"rendered":"<p style=\"text-align: justify;\"><span style=\"font-family: arial,helvetica,sans-serif;\">Avec une tige arm\u00e9e de 75 cm permettant de nombreuse positions, cet arum artificiel blanc sera parfait pour r\u00e9aliser de petits bouquets, confectionner des centres de table dans des vases boule, etc&#8230; <\/span><\/p>\n<p style=\"text-align: justify;\"><span style=\"font-family: arial,helvetica,sans-serif;\">Son r\u00e9alisme en \u00e9tonnera plus d&rsquo;un.<\/span><\/p>\n<p style=\"text-align: justify;\"><span style=\"font-family: arial,helvetica,sans-serif;\">Its trumpet-shaped flower with a very silky touch will surprise with its details such as veins and color gradient.<\/span><\/p>\n<p>Fabric \/ Plastic<\/p>","protected":false},"featured_media":14807,"template":"","meta":{"_et_pb_use_builder":"","_et_pb_old_content":"","_et_gb_content_width":""},"product_brand":[],"product_cat":[7413,7406],"product_tag":[8271,8269,8270,8047,8267,8268,8266],"class_list":{"0":"post-14810","1":"product","2":"type-product","3":"status-publish","4":"has-post-thumbnail","6":"product_cat-deco-bois","7":"product_cat-tous-les-produits","8":"product_tag-ambiance","9":"product_tag-arome","10":"product_tag-artificiel","11":"product_tag-blanc","12":"product_tag-fleur","13":"product_tag-qualite","14":"product_tag-vase","16":"first","17":"instock","18":"taxable","19":"shipping-taxable","20":"purchasable","21":"product-type-simple"},"aioseo_notices":[],"_links":{"self":[{"href":"https:\/\/arqitecture.fr\/en\/wp-json\/wp\/v2\/product\/14810","targetHints":{"allow":["GET"]}}],"collection":[{"href":"https:\/\/arqitecture.fr\/en\/wp-json\/wp\/v2\/product"}],"about":[{"href":"https:\/\/arqitecture.fr\/en\/wp-json\/wp\/v2\/types\/product"}],"wp:featuredmedia":[{"embeddable":true,"href":"https:\/\/arqitecture.fr\/en\/wp-json\/wp\/v2\/media\/14807"}],"wp:attachment":[{"href":"https:\/\/arqitecture.fr\/en\/wp-json\/wp\/v2\/media?parent=14810"}],"wp:term":[{"taxonomy":"product_brand","embeddable":true,"href":"https:\/\/arqitecture.fr\/en\/wp-json\/wp\/v2\/product_brand?post=14810"},{"taxonomy":"product_cat","embeddable":true,"href":"https:\/\/arqitecture.fr\/en\/wp-json\/wp\/v2\/product_cat?post=14810"},{"taxonomy":"product_tag","embeddable":true,"href":"https:\/\/arqitecture.fr\/en\/wp-json\/wp\/v2\/product_tag?post=14810"}],"curies":[{"name":"wp","href":"https:\/\/api.w.org\/{rel}","templated":true}]}}