{"id":14784,"date":"2024-03-24T11:57:33","date_gmt":"2024-03-24T10:57:33","guid":{"rendered":"https:\/\/site-test.jd-web-et-design.fr\/produit\/bracelet-en-labradorite\/"},"modified":"2024-10-25T16:51:22","modified_gmt":"2024-10-25T14:51:22","slug":"bracelet-en-labradorite","status":"publish","type":"product","link":"https:\/\/arqitecture.fr\/en\/product\/bracelet-en-labradorite\/","title":{"rendered":"Ball bracelet, Labradorite"},"content":{"rendered":"<p>\u25ba Il fera le plus bel effet \u00e0 votre poignet<\/p>\n<p>\u25ba Favorise l&rsquo;\u00e9quilibre \u00e9motionnel<\/p>\n<p>\u25ba Pour une touche de charme \u00e0 votre tenue<\/p>\n<p>\u25ba Cadeau id\u00e9al pour les amateurs ou passionn\u00e9s de pierre pr\u00e9cieuse<\/p>\n<p>\u25ba Cadeau pour une St Valentin, un anniversaire, une f\u00eates ou un mariage<\/p>\n<p>It absorbs the negative energies, evils and sorrows of others.<br \/>\nIt will develop self-healing abilities.<br \/>\nIt stimulates blood circulation.<br \/>\nVery useful for relieving rheumatism.<br \/>\nAffixed to the spine, it rebalances the vertebrae.<br \/>\nIt is the stone that creates friendships because it amplifies the gift of pleasing others.<br \/>\nExcellent energy catalyst tool for the dowser.<br \/>\nIt rests during great physical and intellectual fatigue.<\/p>","protected":false},"excerpt":{"rendered":"<p>Elastic bracelet with faceted labradorite balls.<\/p>\n<p>Diameter 5.5cm<\/p>\n<p>ball: 10 mm<\/p>","protected":false},"featured_media":18139,"template":"","meta":{"_et_pb_use_builder":"","_et_pb_old_content":"","_et_gb_content_width":""},"product_brand":[],"product_cat":[7415,7406],"product_tag":[8510,8314,7996],"class_list":{"0":"post-14784","1":"product","2":"type-product","3":"status-publish","4":"has-post-thumbnail","6":"product_cat-deco-terre","7":"product_cat-tous-les-produits","8":"product_tag-bracelet","9":"product_tag-labradorite","10":"product_tag-pierre","12":"first","13":"instock","14":"taxable","15":"shipping-taxable","16":"purchasable","17":"product-type-simple"},"aioseo_notices":[],"_links":{"self":[{"href":"https:\/\/arqitecture.fr\/en\/wp-json\/wp\/v2\/product\/14784","targetHints":{"allow":["GET"]}}],"collection":[{"href":"https:\/\/arqitecture.fr\/en\/wp-json\/wp\/v2\/product"}],"about":[{"href":"https:\/\/arqitecture.fr\/en\/wp-json\/wp\/v2\/types\/product"}],"wp:featuredmedia":[{"embeddable":true,"href":"https:\/\/arqitecture.fr\/en\/wp-json\/wp\/v2\/media\/18139"}],"wp:attachment":[{"href":"https:\/\/arqitecture.fr\/en\/wp-json\/wp\/v2\/media?parent=14784"}],"wp:term":[{"taxonomy":"product_brand","embeddable":true,"href":"https:\/\/arqitecture.fr\/en\/wp-json\/wp\/v2\/product_brand?post=14784"},{"taxonomy":"product_cat","embeddable":true,"href":"https:\/\/arqitecture.fr\/en\/wp-json\/wp\/v2\/product_cat?post=14784"},{"taxonomy":"product_tag","embeddable":true,"href":"https:\/\/arqitecture.fr\/en\/wp-json\/wp\/v2\/product_tag?post=14784"}],"curies":[{"name":"wp","href":"https:\/\/api.w.org\/{rel}","templated":true}]}}