{"id":14773,"date":"2024-03-01T11:57:25","date_gmt":"2024-03-01T10:57:25","guid":{"rendered":"https:\/\/site-test.jd-web-et-design.fr\/produit\/porte-clefs-geode-de-quartz-gris-mousqueton\/"},"modified":"2024-10-30T08:59:17","modified_gmt":"2024-10-30T07:59:17","slug":"porte-clefs-geode-de-quartz-gris-mousqueton","status":"publish","type":"product","link":"https:\/\/arqitecture.fr\/en\/product\/porte-clefs-geode-de-quartz-gris-mousqueton\/","title":{"rendered":"Porte-clefs G\u00e9ode de Quartz grise"},"content":{"rendered":"<p>\u25ba Favorise l&rsquo;\u00e9quilibre \u00e9motionnel et mental<\/p>\n<p>\u25ba Bijoux de confiance en soi<\/p>\n<p>\u25ba Energie r\u00e9g\u00e9n\u00e9ratrice<\/p>\n<p>\u25ba Pour une touche de nature dans votre sac \u00e0 mains<\/p>\n<p>\u25ba Cadeau id\u00e9al pour les amateurs ou passionn\u00e9s de pierre pr\u00e9cieuse<\/p>\n<p>\u25ba Cadeau pour une St Valentin, un anniversaire, une f\u00eates ou un mariage<\/p>\n<p>Le Quartz gris ou fum\u00e9 permet de relever des d\u00e9fis : arr\u00eater le tabac.<br \/>\nIl prot\u00e8ge les poumons et les bronches en \u00e9liminant le goudron accumul\u00e9.<\/p>","protected":false},"excerpt":{"rendered":"<p>Original key ring with quartz geode, a mini four-leaf clover and its carabiner, it is easy to hang thanks to its metal ring.<\/p>\n<p>G\u00e9ode de Quartz grise ou fum\u00e9 H 2 cm, L 5,5 cm, longueur totale: 12 cm<\/p>\n<p>Provenance: Br\u00e9sil<\/p>","protected":false},"featured_media":17481,"template":"","meta":{"_et_pb_use_builder":"","_et_pb_old_content":"","_et_gb_content_width":""},"product_brand":[],"product_cat":[7415,7406],"product_tag":[8508,8049,8509,8507],"class_list":{"0":"post-14773","1":"product","2":"type-product","3":"status-publish","4":"has-post-thumbnail","6":"product_cat-deco-terre","7":"product_cat-tous-les-produits","8":"product_tag-geode-de-quartz","9":"product_tag-gris","10":"product_tag-mousqueton","11":"product_tag-porte-clefs","13":"first","14":"instock","15":"taxable","16":"shipping-taxable","17":"purchasable","18":"product-type-simple"},"aioseo_notices":[],"_links":{"self":[{"href":"https:\/\/arqitecture.fr\/en\/wp-json\/wp\/v2\/product\/14773","targetHints":{"allow":["GET"]}}],"collection":[{"href":"https:\/\/arqitecture.fr\/en\/wp-json\/wp\/v2\/product"}],"about":[{"href":"https:\/\/arqitecture.fr\/en\/wp-json\/wp\/v2\/types\/product"}],"wp:featuredmedia":[{"embeddable":true,"href":"https:\/\/arqitecture.fr\/en\/wp-json\/wp\/v2\/media\/17481"}],"wp:attachment":[{"href":"https:\/\/arqitecture.fr\/en\/wp-json\/wp\/v2\/media?parent=14773"}],"wp:term":[{"taxonomy":"product_brand","embeddable":true,"href":"https:\/\/arqitecture.fr\/en\/wp-json\/wp\/v2\/product_brand?post=14773"},{"taxonomy":"product_cat","embeddable":true,"href":"https:\/\/arqitecture.fr\/en\/wp-json\/wp\/v2\/product_cat?post=14773"},{"taxonomy":"product_tag","embeddable":true,"href":"https:\/\/arqitecture.fr\/en\/wp-json\/wp\/v2\/product_tag?post=14773"}],"curies":[{"name":"wp","href":"https:\/\/api.w.org\/{rel}","templated":true}]}}