{"id":14756,"date":"2024-03-03T11:57:12","date_gmt":"2024-03-03T10:57:12","guid":{"rendered":"https:\/\/site-test.jd-web-et-design.fr\/produit\/coeur-bracelet-diy-onyx-cadeaux\/"},"modified":"2024-10-25T14:43:46","modified_gmt":"2024-10-25T12:43:46","slug":"coeur-bracelet-diy-onyx-cadeaux","status":"publish","type":"product","link":"https:\/\/arqitecture.fr\/en\/product\/coeur-bracelet-diy-onyx-cadeaux\/","title":{"rendered":"Faceted Onyx heart for bracelet"},"content":{"rendered":"<p>Sold without cord or wire.<\/p>\n<p>Cords adaptable separately: leather and silk, bayonet clasp and carabiner.<\/p>\n<p>\u25ba Bijoux de protection et intuition<\/p>\n<p>\u25ba Energie apaisante<\/p>\n<p>\u25ba Rang\u00e9e dans une chambre \u00e0 coucher, elle d\u00e9veloppera une ambiance calme et d\u00e9tendue<\/p>\n<p>\u25ba Cadeau pour la St Valentin, anniversaire, de remerciements, invitation \u00e0 d\u00eener ou f\u00eate des M\u00e8res<\/p>\n<p>Increases emotional balance and self-control.<\/p>\n<p>In-depth work on yourself.<\/p>\n<p>Develops logic, responsibility and thinking.<br \/>\nStimulates and amplifies physical energy.<\/p>\n<p>Black onyx is said to be good for repelling negativity and deflecting negativity from others.\u00a0<br \/>\nHelps improve determination and perseverance.<\/p>","protected":false},"excerpt":{"rendered":"<p>Pierre taill\u00e9e en forme de c\u0153ur, au design d\u00e9licat en onyx noir facett\u00e9e.<\/p>\n<p>Pierced at the top and on the bottom point to be able to pass the thread to create a bracelet, or to attach to clothing.<\/p>","protected":false},"featured_media":16691,"template":"","meta":{"_et_pb_use_builder":"","_et_pb_old_content":"","_et_gb_content_width":""},"product_brand":[],"product_cat":[7415,7406],"product_tag":[8510,7991,8330,7996],"class_list":{"0":"post-14756","1":"product","2":"type-product","3":"status-publish","4":"has-post-thumbnail","6":"product_cat-deco-terre","7":"product_cat-tous-les-produits","8":"product_tag-bracelet","9":"product_tag-coeur","10":"product_tag-onyx","11":"product_tag-pierre","12":"pa_hauteur-2_5cm","13":"pa_longueur-3cm","14":"pa_profondeur-1cm","16":"first","17":"instock","18":"taxable","19":"shipping-taxable","20":"purchasable","21":"product-type-simple"},"aioseo_notices":[],"_links":{"self":[{"href":"https:\/\/arqitecture.fr\/en\/wp-json\/wp\/v2\/product\/14756","targetHints":{"allow":["GET"]}}],"collection":[{"href":"https:\/\/arqitecture.fr\/en\/wp-json\/wp\/v2\/product"}],"about":[{"href":"https:\/\/arqitecture.fr\/en\/wp-json\/wp\/v2\/types\/product"}],"wp:featuredmedia":[{"embeddable":true,"href":"https:\/\/arqitecture.fr\/en\/wp-json\/wp\/v2\/media\/16691"}],"wp:attachment":[{"href":"https:\/\/arqitecture.fr\/en\/wp-json\/wp\/v2\/media?parent=14756"}],"wp:term":[{"taxonomy":"product_brand","embeddable":true,"href":"https:\/\/arqitecture.fr\/en\/wp-json\/wp\/v2\/product_brand?post=14756"},{"taxonomy":"product_cat","embeddable":true,"href":"https:\/\/arqitecture.fr\/en\/wp-json\/wp\/v2\/product_cat?post=14756"},{"taxonomy":"product_tag","embeddable":true,"href":"https:\/\/arqitecture.fr\/en\/wp-json\/wp\/v2\/product_tag?post=14756"}],"curies":[{"name":"wp","href":"https:\/\/api.w.org\/{rel}","templated":true}]}}