{"id":14748,"date":"2024-03-03T11:59:04","date_gmt":"2024-03-03T10:59:04","guid":{"rendered":"https:\/\/site-test.jd-web-et-design.fr\/produit\/coeur-ambre-pierre-semi-precieuse-deco\/"},"modified":"2024-10-28T13:13:55","modified_gmt":"2024-10-28T12:13:55","slug":"coeur-ambre-pierre-semi-precieuse-deco","status":"publish","type":"product","link":"https:\/\/arqitecture.fr\/en\/product\/coeur-ambre-pierre-semi-precieuse-deco\/","title":{"rendered":"Coeur 4cm, pierre Ambre"},"content":{"rendered":"<p>\u25ba Il fera le plus bel effet \u263c sur une commode ou un bureau<\/p>\n<p>\u25ba Pour une touche nature<\/p>\n<p>\u25ba D\u00e9coration de salon, chambre ou bureau<\/p>\n<p>\u25ba Cadeau id\u00e9al pour les amateurs de pierres pr\u00e9cieuses<\/p>\n<p>\u25ba Cadeau de remerciements, de St Valentin ou d&rsquo;invitation \u00e0 diner<\/p>\n<p>\u25ba Pour agr\u00e9menter une d\u00e9coration de mariage<\/p>\n<p>L&rsquo;ambre soulage les migraines et les probl\u00e8mes musculaires.<\/p>","protected":false},"excerpt":{"rendered":"<p>Pierre taill\u00e9e en forme de c\u0153ur, au design d\u00e9licat en ambre. <\/p>\n<p>Amber semi-precious stone.<\/p>","protected":false},"featured_media":17138,"template":"","meta":{"_et_pb_use_builder":"","_et_pb_old_content":"","_et_gb_content_width":""},"product_brand":[],"product_cat":[7415,7406],"product_tag":[8566,7991,8408,7996],"class_list":{"0":"post-14748","1":"product","2":"type-product","3":"status-publish","4":"has-post-thumbnail","6":"product_cat-deco-terre","7":"product_cat-tous-les-produits","8":"product_tag-calcite","9":"product_tag-coeur","10":"product_tag-orange","11":"product_tag-pierre","12":"pa_hauteur-4cm","13":"pa_longueur-4-5-cm","14":"pa_profondeur-2cm","16":"first","17":"instock","18":"taxable","19":"shipping-taxable","20":"purchasable","21":"product-type-simple"},"aioseo_notices":[],"_links":{"self":[{"href":"https:\/\/arqitecture.fr\/en\/wp-json\/wp\/v2\/product\/14748","targetHints":{"allow":["GET"]}}],"collection":[{"href":"https:\/\/arqitecture.fr\/en\/wp-json\/wp\/v2\/product"}],"about":[{"href":"https:\/\/arqitecture.fr\/en\/wp-json\/wp\/v2\/types\/product"}],"wp:featuredmedia":[{"embeddable":true,"href":"https:\/\/arqitecture.fr\/en\/wp-json\/wp\/v2\/media\/17138"}],"wp:attachment":[{"href":"https:\/\/arqitecture.fr\/en\/wp-json\/wp\/v2\/media?parent=14748"}],"wp:term":[{"taxonomy":"product_brand","embeddable":true,"href":"https:\/\/arqitecture.fr\/en\/wp-json\/wp\/v2\/product_brand?post=14748"},{"taxonomy":"product_cat","embeddable":true,"href":"https:\/\/arqitecture.fr\/en\/wp-json\/wp\/v2\/product_cat?post=14748"},{"taxonomy":"product_tag","embeddable":true,"href":"https:\/\/arqitecture.fr\/en\/wp-json\/wp\/v2\/product_tag?post=14748"}],"curies":[{"name":"wp","href":"https:\/\/api.w.org\/{rel}","templated":true}]}}