{"id":14728,"date":"2024-01-25T15:38:14","date_gmt":"2024-01-25T14:38:14","guid":{"rendered":"https:\/\/site-test.jd-web-et-design.fr\/produit\/homme-nu-statue-decoration-maison\/"},"modified":"2024-10-31T08:39:32","modified_gmt":"2024-10-31T07:39:32","slug":"homme-nu-statue-decoration-maison","status":"publish","type":"product","link":"https:\/\/arqitecture.fr\/en\/product\/homme-nu-statue-decoration-maison\/","title":{"rendered":"Standing Nude Man Statue H30cm, Bronze Resin"},"content":{"rendered":"<p>\u25ba A poser sur un meuble, dans une biblioth\u00e8que ou une \u00e9tag\u00e8re<\/p>\n<p>\u25ba Ambiance d\u00e9tente<\/p>\n<p>\u25ba D\u00e9coration de bureau, chambre ou salon<\/p>\n<p>\u25ba Cadeau de No\u00ebl, de remerciements, d&rsquo;invitation \u00e0 d\u00eener ou d&rsquo;anniversaire <\/p>","protected":false},"excerpt":{"rendered":"<p>Statue d&rsquo;un homme nu debout \u00e0 poser.<\/p>\n<p>In bonze\/grey colored polyresin<\/p>\n<p>H 30 cm<\/p>","protected":false},"featured_media":17199,"template":"","meta":{"_et_pb_use_builder":"","_et_pb_old_content":"","_et_gb_content_width":""},"product_brand":[],"product_cat":[7408,7406],"product_tag":[7995,8234,8231,8232,8000,8005],"class_list":{"0":"post-14728","1":"product","2":"type-product","3":"status-publish","4":"has-post-thumbnail","6":"product_cat-deco-yin","7":"product_cat-tous-les-produits","8":"product_tag-deco","9":"product_tag-force","10":"product_tag-homme","11":"product_tag-nu","12":"product_tag-sculpture","13":"product_tag-statue","14":"pa_hauteur-30cm","15":"pa_largeur-11cm","16":"pa_poids-650g","18":"first","19":"instock","20":"taxable","21":"shipping-taxable","22":"purchasable","23":"product-type-simple"},"aioseo_notices":[],"_links":{"self":[{"href":"https:\/\/arqitecture.fr\/en\/wp-json\/wp\/v2\/product\/14728","targetHints":{"allow":["GET"]}}],"collection":[{"href":"https:\/\/arqitecture.fr\/en\/wp-json\/wp\/v2\/product"}],"about":[{"href":"https:\/\/arqitecture.fr\/en\/wp-json\/wp\/v2\/types\/product"}],"wp:featuredmedia":[{"embeddable":true,"href":"https:\/\/arqitecture.fr\/en\/wp-json\/wp\/v2\/media\/17199"}],"wp:attachment":[{"href":"https:\/\/arqitecture.fr\/en\/wp-json\/wp\/v2\/media?parent=14728"}],"wp:term":[{"taxonomy":"product_brand","embeddable":true,"href":"https:\/\/arqitecture.fr\/en\/wp-json\/wp\/v2\/product_brand?post=14728"},{"taxonomy":"product_cat","embeddable":true,"href":"https:\/\/arqitecture.fr\/en\/wp-json\/wp\/v2\/product_cat?post=14728"},{"taxonomy":"product_tag","embeddable":true,"href":"https:\/\/arqitecture.fr\/en\/wp-json\/wp\/v2\/product_tag?post=14728"}],"curies":[{"name":"wp","href":"https:\/\/api.w.org\/{rel}","templated":true}]}}