{"id":14679,"date":"2024-03-03T11:20:28","date_gmt":"2024-03-03T10:20:28","guid":{"rendered":"https:\/\/site-test.jd-web-et-design.fr\/produit\/coeur-presse-papier-ceramique-decoration-magasin-feng-shui\/"},"modified":"2024-10-28T13:16:10","modified_gmt":"2024-10-28T12:16:10","slug":"coeur-presse-papier-ceramique-decoration-magasin-feng-shui","status":"publish","type":"product","link":"https:\/\/arqitecture.fr\/en\/product\/coeur-presse-papier-ceramique-decoration-magasin-feng-shui\/","title":{"rendered":"Coeur d\u00e9co 9,5cm, C\u00e9ramique argent\u00e9e"},"content":{"rendered":"<p>\u25ba Modern and soothing atmosphere<\/p>\n<p>\u25ba Ajoute une touche de romantisme dans son int\u00e9rieur<\/p>\n<p>\u25ba D\u00e9coration d&rsquo;entr\u00e9e, de couloir, de bureau, de salon ou de chambre<\/p>\n<p>\u25ba Romantic gift for Valentine&#039;s Day, wedding or for your partner<\/p>","protected":false},"excerpt":{"rendered":"<p><span style=\"font-family: arial,helvetica,sans-serif;\">A very pretty ceramic heart with a metal-colored patina, to place on your furniture or your dining table to give a friendly and warm spirit to your decoration.<br \/>\n<\/span><\/p>\n<p>Can be used as a paperweight.<\/p>\n<p>Thickness: 4cm<\/p>","protected":false},"featured_media":17117,"template":"","meta":{"_et_pb_use_builder":"","_et_pb_old_content":"","_et_gb_content_width":""},"product_brand":[],"product_cat":[7415,7406],"product_tag":[8117,7991,7995,7992,7994,7996],"class_list":{"0":"post-14679","1":"product","2":"type-product","3":"status-publish","4":"has-post-thumbnail","6":"product_cat-deco-terre","7":"product_cat-tous-les-produits","8":"product_tag-ceramique","9":"product_tag-coeur","10":"product_tag-deco","11":"product_tag-decoration","12":"product_tag-feng-shui","13":"product_tag-pierre","14":"pa_hauteur-4cm","15":"pa_largeur-9_5cm","16":"pa_longueur-9_5cm","18":"first","19":"instock","20":"taxable","21":"shipping-taxable","22":"purchasable","23":"product-type-simple"},"aioseo_notices":[],"_links":{"self":[{"href":"https:\/\/arqitecture.fr\/en\/wp-json\/wp\/v2\/product\/14679","targetHints":{"allow":["GET"]}}],"collection":[{"href":"https:\/\/arqitecture.fr\/en\/wp-json\/wp\/v2\/product"}],"about":[{"href":"https:\/\/arqitecture.fr\/en\/wp-json\/wp\/v2\/types\/product"}],"wp:featuredmedia":[{"embeddable":true,"href":"https:\/\/arqitecture.fr\/en\/wp-json\/wp\/v2\/media\/17117"}],"wp:attachment":[{"href":"https:\/\/arqitecture.fr\/en\/wp-json\/wp\/v2\/media?parent=14679"}],"wp:term":[{"taxonomy":"product_brand","embeddable":true,"href":"https:\/\/arqitecture.fr\/en\/wp-json\/wp\/v2\/product_brand?post=14679"},{"taxonomy":"product_cat","embeddable":true,"href":"https:\/\/arqitecture.fr\/en\/wp-json\/wp\/v2\/product_cat?post=14679"},{"taxonomy":"product_tag","embeddable":true,"href":"https:\/\/arqitecture.fr\/en\/wp-json\/wp\/v2\/product_tag?post=14679"}],"curies":[{"name":"wp","href":"https:\/\/api.w.org\/{rel}","templated":true}]}}