{"id":14675,"date":"2024-03-03T10:17:25","date_gmt":"2024-03-03T09:17:25","guid":{"rendered":"https:\/\/site-test.jd-web-et-design.fr\/produit\/coeur-presse-papier-pierre-decoration-magasin-feng-shui\/"},"modified":"2024-10-28T13:15:02","modified_gmt":"2024-10-28T12:15:02","slug":"coeur-presse-papier-pierre-decoration-magasin-feng-shui","status":"publish","type":"product","link":"https:\/\/arqitecture.fr\/en\/product\/coeur-presse-papier-pierre-decoration-magasin-feng-shui\/","title":{"rendered":"Coeur sculpt\u00e9 L12cm, Pierre"},"content":{"rendered":"<p>\u25ba Il fera le plus bel effet \u263c sur une commode ou un bureau<\/p>\n<p>\u25ba  Peut servir de presse papier<\/p>\n<p>\u25ba \u00e0 poser sur vos meubles ou votre table de repas pour donner un esprit convivial et chaleureux \u00e0 votre d\u00e9coration<\/p>\n<p>\u25ba Pour une touche nature<\/p>\n<p>\u25ba Pour d\u00e9corer une entr\u00e9e, une cuisine, un salon, une salle \u00e0 manger, dans une v\u00e9randa ou terrasse<\/p>\n<p>\u25ba Cadeau id\u00e9al pour les amateurs de jardin, passionn\u00e9s de nature et de ses plantes<\/p>\n<p>\u25ba Cadeau de remerciements, St Valentin ou invitation \u00e0 diner<\/p>\n<p>\u25ba Pour agr\u00e9menter une d\u00e9coration de mariage<\/p>","protected":false},"excerpt":{"rendered":"<p>Un tr\u00e8s joli c\u0153ur taill\u00e9 \u00e0 la main.<\/p>\n<p>De couleur gris fonc\u00e9.<\/p>\n<p>Mati\u00e8re : Pierre brute de lave<\/p>\n<p>Thickness: 4cm<\/p>","protected":false},"featured_media":17130,"template":"","meta":{"_et_pb_use_builder":"","_et_pb_old_content":"","_et_gb_content_width":""},"product_brand":[],"product_cat":[7415,7406],"product_tag":[7991,7995,7992,7994,8352,7996],"class_list":{"0":"post-14675","1":"product","2":"type-product","3":"status-publish","4":"has-post-thumbnail","6":"product_cat-deco-terre","7":"product_cat-tous-les-produits","8":"product_tag-coeur","9":"product_tag-deco","10":"product_tag-decoration","11":"product_tag-feng-shui","12":"product_tag-nature","13":"product_tag-pierre","14":"pa_hauteur-4cm","15":"pa_largeur-10cm","16":"pa_longueur-12cm","18":"first","19":"instock","20":"taxable","21":"shipping-taxable","22":"purchasable","23":"product-type-simple"},"aioseo_notices":[],"_links":{"self":[{"href":"https:\/\/arqitecture.fr\/en\/wp-json\/wp\/v2\/product\/14675","targetHints":{"allow":["GET"]}}],"collection":[{"href":"https:\/\/arqitecture.fr\/en\/wp-json\/wp\/v2\/product"}],"about":[{"href":"https:\/\/arqitecture.fr\/en\/wp-json\/wp\/v2\/types\/product"}],"wp:featuredmedia":[{"embeddable":true,"href":"https:\/\/arqitecture.fr\/en\/wp-json\/wp\/v2\/media\/17130"}],"wp:attachment":[{"href":"https:\/\/arqitecture.fr\/en\/wp-json\/wp\/v2\/media?parent=14675"}],"wp:term":[{"taxonomy":"product_brand","embeddable":true,"href":"https:\/\/arqitecture.fr\/en\/wp-json\/wp\/v2\/product_brand?post=14675"},{"taxonomy":"product_cat","embeddable":true,"href":"https:\/\/arqitecture.fr\/en\/wp-json\/wp\/v2\/product_cat?post=14675"},{"taxonomy":"product_tag","embeddable":true,"href":"https:\/\/arqitecture.fr\/en\/wp-json\/wp\/v2\/product_tag?post=14675"}],"curies":[{"name":"wp","href":"https:\/\/api.w.org\/{rel}","templated":true}]}}