{"id":14672,"date":"2024-03-08T11:47:22","date_gmt":"2024-03-08T10:47:22","guid":{"rendered":"https:\/\/site-test.jd-web-et-design.fr\/produit\/oeuf-deco-nature-jardin-pierre\/"},"modified":"2024-10-30T08:34:19","modified_gmt":"2024-10-30T07:34:19","slug":"oeuf-deco-nature-jardin-pierre","status":"publish","type":"product","link":"https:\/\/arqitecture.fr\/en\/product\/oeuf-deco-nature-jardin-pierre\/","title":{"rendered":"\u0152uf sculpt\u00e9 15cm, Pierre"},"content":{"rendered":"<p>\u25ba Il fera le plus bel effet \u263c par terre en int\u00e9rieur ou au sol dans le jardin<\/p>\n<p>\u25ba Natural and soothing atmosphere<\/p>\n<p>\u25ba D\u00e9coration d&rsquo;entr\u00e9e, de bureau, de salon ou de jardin<\/p>\n<p>\u25ba Ideal gift for garden or flower lovers<\/p>\n<p>\u25ba Cadeau pour la St Valentin, mariage, anniversaire, cr\u00e9maill\u00e8re ou de remerciements<\/p>","protected":false},"excerpt":{"rendered":"<p>Original \u0153uf pour agr\u00e9menter sa d\u00e9co d&rsquo;int\u00e9rieure et ext\u00e9rieure (&gt;0\u00b0)<\/p>\n<p>Material: Lava stone<\/p>\n<p><span style=\"font-size: 12pt;\">\u00a0<\/span><\/p>\n<p><strong>\u00a0<\/strong><\/p>","protected":false},"featured_media":17170,"template":"","meta":{"_et_pb_use_builder":"","_et_pb_old_content":"","_et_gb_content_width":""},"product_brand":[],"product_cat":[7415,7406],"product_tag":[7992,7994,8260,7998,8229],"class_list":{"0":"post-14672","1":"product","2":"type-product","3":"status-publish","4":"has-post-thumbnail","6":"product_cat-deco-terre","7":"product_cat-tous-les-produits","8":"product_tag-decoration","9":"product_tag-feng-shui","10":"product_tag-jardin","11":"product_tag-maison","12":"product_tag-oeuf","13":"pa_hauteur-8cm","14":"pa_largeur-8a10cm","15":"pa_longueur-15cm","17":"first","18":"instock","19":"taxable","20":"shipping-taxable","21":"purchasable","22":"product-type-simple"},"aioseo_notices":[],"_links":{"self":[{"href":"https:\/\/arqitecture.fr\/en\/wp-json\/wp\/v2\/product\/14672","targetHints":{"allow":["GET"]}}],"collection":[{"href":"https:\/\/arqitecture.fr\/en\/wp-json\/wp\/v2\/product"}],"about":[{"href":"https:\/\/arqitecture.fr\/en\/wp-json\/wp\/v2\/types\/product"}],"wp:featuredmedia":[{"embeddable":true,"href":"https:\/\/arqitecture.fr\/en\/wp-json\/wp\/v2\/media\/17170"}],"wp:attachment":[{"href":"https:\/\/arqitecture.fr\/en\/wp-json\/wp\/v2\/media?parent=14672"}],"wp:term":[{"taxonomy":"product_brand","embeddable":true,"href":"https:\/\/arqitecture.fr\/en\/wp-json\/wp\/v2\/product_brand?post=14672"},{"taxonomy":"product_cat","embeddable":true,"href":"https:\/\/arqitecture.fr\/en\/wp-json\/wp\/v2\/product_cat?post=14672"},{"taxonomy":"product_tag","embeddable":true,"href":"https:\/\/arqitecture.fr\/en\/wp-json\/wp\/v2\/product_tag?post=14672"}],"curies":[{"name":"wp","href":"https:\/\/api.w.org\/{rel}","templated":true}]}}