{"id":14665,"date":"2024-03-03T10:17:10","date_gmt":"2024-03-03T09:17:10","guid":{"rendered":"https:\/\/site-test.jd-web-et-design.fr\/?post_type=product&#038;p=14665"},"modified":"2024-10-23T18:23:05","modified_gmt":"2024-10-23T16:23:05","slug":"boite-coeur-metal-argent-deco-rangement-cadeau","status":"publish","type":"product","link":"https:\/\/arqitecture.fr\/en\/product\/boite-coeur-metal-argent-deco-rangement-cadeau\/","title":{"rendered":"Coeur Bo\u00eete de rangement L22cm, Design m\u00e9tal"},"content":{"rendered":"<p>Contenant vendu vide avec couvercle et \u00e0 l&rsquo;unit\u00e9.<\/p>\n<p>\u25ba Pour une touche tendresse<\/p>\n<p>\u25ba D\u00e9coration d\u2019entr\u00e9e, de cuisine, de chambre ou de salon<\/p>\n<p>\u25ba Cadeau de remerciement, de mariage, f\u00eate des m\u00e8res, pendaison de cr\u00e9maill\u00e8re, pour une invitation \u00e0 d\u00eener ou une Saint Valentin<\/p>","protected":false},"excerpt":{"rendered":"<p><span style=\"font-size: 12pt;\">Container m\u00e9tallique en forme de c\u0153ur pour ranger vos souvenirs, friandises ou bijoux\u2026 <\/span><\/p>\n<p><span style=\"font-size: 12pt;\">Une touche de romantisme dans son int\u00e9rieur.<\/span><\/p>\n<p><span style=\"font-size: 12pt;\"><span style=\"font-size: 8pt;\">Galvanized metal: Zinc<br \/>\n<\/span><\/span><\/p>\n<p><span style=\"font-size: 12pt;\"><span style=\"font-size: 8pt;\">H: 8.5cm<\/span><br \/>\n<\/span><\/p>\n<p>&nbsp;<\/p>","protected":false},"featured_media":16953,"template":"","meta":{"_et_pb_use_builder":"","_et_pb_old_content":"","_et_gb_content_width":""},"product_brand":[],"product_cat":[7411,7406],"product_tag":[8020,8128,7991,7992,7994,7999,8091],"class_list":{"0":"post-14665","1":"product","2":"type-product","3":"status-publish","4":"has-post-thumbnail","6":"product_cat-deco-metal","7":"product_cat-tous-les-produits","8":"product_tag-amour","9":"product_tag-boite","10":"product_tag-coeur","11":"product_tag-decoration","12":"product_tag-feng-shui","13":"product_tag-metal","14":"product_tag-objet","15":"pa_hauteur-8_5cm","16":"pa_largeur-19_5cm","17":"pa_longueur-22cm","19":"first","20":"instock","21":"taxable","22":"shipping-taxable","23":"purchasable","24":"product-type-simple"},"aioseo_notices":[],"_links":{"self":[{"href":"https:\/\/arqitecture.fr\/en\/wp-json\/wp\/v2\/product\/14665","targetHints":{"allow":["GET"]}}],"collection":[{"href":"https:\/\/arqitecture.fr\/en\/wp-json\/wp\/v2\/product"}],"about":[{"href":"https:\/\/arqitecture.fr\/en\/wp-json\/wp\/v2\/types\/product"}],"wp:featuredmedia":[{"embeddable":true,"href":"https:\/\/arqitecture.fr\/en\/wp-json\/wp\/v2\/media\/16953"}],"wp:attachment":[{"href":"https:\/\/arqitecture.fr\/en\/wp-json\/wp\/v2\/media?parent=14665"}],"wp:term":[{"taxonomy":"product_brand","embeddable":true,"href":"https:\/\/arqitecture.fr\/en\/wp-json\/wp\/v2\/product_brand?post=14665"},{"taxonomy":"product_cat","embeddable":true,"href":"https:\/\/arqitecture.fr\/en\/wp-json\/wp\/v2\/product_cat?post=14665"},{"taxonomy":"product_tag","embeddable":true,"href":"https:\/\/arqitecture.fr\/en\/wp-json\/wp\/v2\/product_tag?post=14665"}],"curies":[{"name":"wp","href":"https:\/\/api.w.org\/{rel}","templated":true}]}}