{"id":14648,"date":"2024-03-23T11:53:05","date_gmt":"2024-03-23T10:53:05","guid":{"rendered":"https:\/\/site-test.jd-web-et-design.fr\/produit\/bague-multi-pierres-rouge-argent-originake-2\/"},"modified":"2024-10-30T13:58:14","modified_gmt":"2024-10-30T12:58:14","slug":"bague-multi-pierres-rouge-argent-originale-2","status":"publish","type":"product","link":"https:\/\/arqitecture.fr\/en\/product\/bague-multi-pierres-rouge-argent-originale-2\/","title":{"rendered":"Bague griffes Multi-pierres rouges"},"content":{"rendered":"<p>\u25ba Elle fera le plus bel effet \u00e0 votre main<\/p>\n<p>\u25ba Pour une touche de charme \u00e0 votre tenue<\/p>\n<p>\u25ba Cadeau id\u00e9al pour les amateurs ou passionn\u00e9s de pierre pr\u00e9cieuse<\/p>\n<p>\u25ba Cadeau pour une St Valentin, un anniversaire, une f\u00eates ou un mariage<\/p>","protected":false},"excerpt":{"rendered":"<p>Originale bague griffes en argent sertie de pierres fantaisies rouges. <\/p>\n<p>Pour un style \u00e0 la fois rock et chic. Un coup de coeur.<\/p>\n<p>size 56 or 17.83 mm<\/p>","protected":false},"featured_media":14644,"template":"","meta":{"_et_pb_use_builder":"","_et_pb_old_content":"","_et_gb_content_width":""},"product_brand":[],"product_cat":[7415,7406],"product_tag":[8193,8296,8318,8611,8323,8215,8098],"class_list":{"0":"post-14648","1":"product","2":"type-product","3":"status-publish","4":"has-post-thumbnail","6":"product_cat-deco-terre","7":"product_cat-tous-les-produits","8":"product_tag-argent","9":"product_tag-bague","10":"product_tag-fantaisie","11":"product_tag-griffes","12":"product_tag-multi-pierre","13":"product_tag-originale","14":"product_tag-rouge","16":"first","17":"instock","18":"taxable","19":"shipping-taxable","20":"purchasable","21":"product-type-simple"},"aioseo_notices":[],"_links":{"self":[{"href":"https:\/\/arqitecture.fr\/en\/wp-json\/wp\/v2\/product\/14648","targetHints":{"allow":["GET"]}}],"collection":[{"href":"https:\/\/arqitecture.fr\/en\/wp-json\/wp\/v2\/product"}],"about":[{"href":"https:\/\/arqitecture.fr\/en\/wp-json\/wp\/v2\/types\/product"}],"wp:featuredmedia":[{"embeddable":true,"href":"https:\/\/arqitecture.fr\/en\/wp-json\/wp\/v2\/media\/14644"}],"wp:attachment":[{"href":"https:\/\/arqitecture.fr\/en\/wp-json\/wp\/v2\/media?parent=14648"}],"wp:term":[{"taxonomy":"product_brand","embeddable":true,"href":"https:\/\/arqitecture.fr\/en\/wp-json\/wp\/v2\/product_brand?post=14648"},{"taxonomy":"product_cat","embeddable":true,"href":"https:\/\/arqitecture.fr\/en\/wp-json\/wp\/v2\/product_cat?post=14648"},{"taxonomy":"product_tag","embeddable":true,"href":"https:\/\/arqitecture.fr\/en\/wp-json\/wp\/v2\/product_tag?post=14648"}],"curies":[{"name":"wp","href":"https:\/\/api.w.org\/{rel}","templated":true}]}}