{"id":14643,"date":"2024-01-26T11:47:01","date_gmt":"2024-01-26T10:47:01","guid":{"rendered":"https:\/\/site-test.jd-web-et-design.fr\/produit\/statue-bebe-deco-mignon-cadeau\/"},"modified":"2024-10-07T11:34:23","modified_gmt":"2024-10-07T09:34:23","slug":"statue-bebe-deco-mignon-cadeau","status":"publish","type":"product","link":"https:\/\/arqitecture.fr\/en\/product\/statue-bebe-deco-mignon-cadeau\/","title":{"rendered":"Statue B\u00e9b\u00e9 H9cm, R\u00e9sine noire"},"content":{"rendered":"<p>\u25ba A poser sur un bureau, une console ou une \u00e9tag\u00e8re<\/p>\n<p>\u25ba D\u00e9coration de bureau, de salon ou chambre<\/p>\n<p>&nbsp;<\/p>","protected":false},"excerpt":{"rendered":"<p>Statue d&rsquo;un b\u00e9b\u00e9 allong\u00e9 sur le ventre, pieds crois\u00e9s et t\u00eate relev\u00e9e.<\/p>\n<p>Tr\u00e8s d\u00e9taill\u00e9 et robuste.<\/p>\n<p>Pouvant servir de presse papier sur un bureau ou simple d\u00e9co sur une table basse.<\/p>\n<p>En r\u00e9sine noire imitation bronze.<\/p>\n<p>H 9 cm<\/p>","protected":false},"featured_media":17111,"template":"","meta":{"_et_pb_use_builder":"","_et_pb_old_content":"","_et_gb_content_width":""},"product_brand":[],"product_cat":[7408,7406],"product_tag":[],"class_list":{"0":"post-14643","1":"product","2":"type-product","3":"status-publish","4":"has-post-thumbnail","6":"product_cat-deco-yin","7":"product_cat-tous-les-produits","8":"pa_hauteur-9cm","9":"pa_largeur-6cm","10":"pa_longueur-11cm","12":"first","13":"instock","14":"taxable","15":"shipping-taxable","16":"purchasable","17":"product-type-simple"},"aioseo_notices":[],"_links":{"self":[{"href":"https:\/\/arqitecture.fr\/en\/wp-json\/wp\/v2\/product\/14643","targetHints":{"allow":["GET"]}}],"collection":[{"href":"https:\/\/arqitecture.fr\/en\/wp-json\/wp\/v2\/product"}],"about":[{"href":"https:\/\/arqitecture.fr\/en\/wp-json\/wp\/v2\/types\/product"}],"wp:featuredmedia":[{"embeddable":true,"href":"https:\/\/arqitecture.fr\/en\/wp-json\/wp\/v2\/media\/17111"}],"wp:attachment":[{"href":"https:\/\/arqitecture.fr\/en\/wp-json\/wp\/v2\/media?parent=14643"}],"wp:term":[{"taxonomy":"product_brand","embeddable":true,"href":"https:\/\/arqitecture.fr\/en\/wp-json\/wp\/v2\/product_brand?post=14643"},{"taxonomy":"product_cat","embeddable":true,"href":"https:\/\/arqitecture.fr\/en\/wp-json\/wp\/v2\/product_cat?post=14643"},{"taxonomy":"product_tag","embeddable":true,"href":"https:\/\/arqitecture.fr\/en\/wp-json\/wp\/v2\/product_tag?post=14643"}],"curies":[{"name":"wp","href":"https:\/\/api.w.org\/{rel}","templated":true}]}}