{"id":14598,"date":"2024-03-09T11:46:33","date_gmt":"2024-03-09T10:46:33","guid":{"rendered":"https:\/\/site-test.jd-web-et-design.fr\/produit\/boule-deco-cuivre-terre-cuite\/"},"modified":"2024-10-30T08:30:11","modified_gmt":"2024-10-30T07:30:11","slug":"boule-deco-cuivre-terre-cuite-raku","status":"publish","type":"product","link":"https:\/\/arqitecture.fr\/en\/product\/boule-deco-cuivre-terre-cuite-raku\/","title":{"rendered":"Boule d\u00e9co cuivr\u00e9e 3 tailles, Terre Raku"},"content":{"rendered":"<p>Sold separately<\/p>\n<p>\u25ba It will look great \u263c next to a flower pot<\/p>\n<p>\u25ba Decoration of living room and interior garden<\/p>\n<p>\u25ba Ideal gift for garden lovers<\/p>\n<p>Le Raku est une technique de cuisson japonais : le bonheur dans le hasard.<\/p>\n<p>Les terres \u00e0 Raku sont des terres \u00e0 gr\u00e8s.<\/p>","protected":false},"excerpt":{"rendered":"<p>Hollow ball in raku clay and finished by immersion in a metallic solution.<\/p>\n<p>3 sizes to choose from:<\/p>","protected":false},"featured_media":17114,"template":"","meta":{"_et_pb_use_builder":"","_et_pb_old_content":"","_et_gb_content_width":""},"product_brand":[],"product_cat":[7415,7406],"product_tag":[],"class_list":{"0":"post-14598","1":"product","2":"type-product","3":"status-publish","4":"has-post-thumbnail","6":"product_cat-deco-terre","7":"product_cat-tous-les-produits","8":"pa_dimensions-diam13cm","9":"pa_dimensions-diam16cm","10":"pa_dimensions-diam9cm","12":"first","13":"instock","14":"taxable","15":"shipping-taxable","16":"purchasable","17":"product-type-variable","18":"has-default-attributes"},"aioseo_notices":[],"_links":{"self":[{"href":"https:\/\/arqitecture.fr\/en\/wp-json\/wp\/v2\/product\/14598","targetHints":{"allow":["GET"]}}],"collection":[{"href":"https:\/\/arqitecture.fr\/en\/wp-json\/wp\/v2\/product"}],"about":[{"href":"https:\/\/arqitecture.fr\/en\/wp-json\/wp\/v2\/types\/product"}],"wp:featuredmedia":[{"embeddable":true,"href":"https:\/\/arqitecture.fr\/en\/wp-json\/wp\/v2\/media\/17114"}],"wp:attachment":[{"href":"https:\/\/arqitecture.fr\/en\/wp-json\/wp\/v2\/media?parent=14598"}],"wp:term":[{"taxonomy":"product_brand","embeddable":true,"href":"https:\/\/arqitecture.fr\/en\/wp-json\/wp\/v2\/product_brand?post=14598"},{"taxonomy":"product_cat","embeddable":true,"href":"https:\/\/arqitecture.fr\/en\/wp-json\/wp\/v2\/product_cat?post=14598"},{"taxonomy":"product_tag","embeddable":true,"href":"https:\/\/arqitecture.fr\/en\/wp-json\/wp\/v2\/product_tag?post=14598"}],"curies":[{"name":"wp","href":"https:\/\/api.w.org\/{rel}","templated":true}]}}