{"id":14566,"date":"2024-04-02T11:46:15","date_gmt":"2024-04-02T09:46:15","guid":{"rendered":"https:\/\/site-test.jd-web-et-design.fr\/produit\/support-deco-bougie-plantes-objet\/"},"modified":"2024-09-23T13:55:12","modified_gmt":"2024-09-23T11:55:12","slug":"recipient-boule-h5-5cm-design-metal-martele","status":"publish","type":"product","link":"https:\/\/arqitecture.fr\/en\/product\/recipient-boule-h5-5cm-design-metal-martele\/","title":{"rendered":"R\u00e9cipient Boule H5.5cm, Design m\u00e9tal martel\u00e9"},"content":{"rendered":"<p>\u25ba Can be used as decoration to store different objects (paper clips, drawing pins, etc.)<\/p>\n<p>\u25ba To decorate your kitchen, your dining room or enhance the decoration of your table<\/p>\n<p>\u25ba Office, living room or kitchen decoration<\/p>\n<p>\u25ba It will look great \u263c on a piece of furniture or a coffee table<\/p>\n<p>\u25ba Thank you gift, Valentine&#039;s Day, Mother&#039;s Day or dinner invitation<\/p>\n<p>&nbsp;<\/p>\n<p><span style=\"text-decoration: underline;\">DIY decoration<\/span> :<\/p>\n<p>Earth, mini wooden sticks, moss: sprinkle with water from time to time<\/p>\n<p>Water and a floating candle<\/p>\n<p>Water and fresh flowers<\/p>\n<p>A tea light on sand: always supervised<\/p>\n<p>No wilted flowers<\/p>","protected":false},"excerpt":{"rendered":"<p>Small round toothed container in hammered metal<\/p>\n<p>Height: 5.5cm<\/p>\n<p>Diameter: 8cm<\/p>","protected":false},"featured_media":16916,"template":"","meta":{"_et_pb_use_builder":"","_et_pb_old_content":"","_et_gb_content_width":""},"product_brand":[],"product_cat":[7411,7406],"product_tag":[],"class_list":{"0":"post-14566","1":"product","2":"type-product","3":"status-publish","4":"has-post-thumbnail","6":"product_cat-deco-metal","7":"product_cat-tous-les-produits","9":"first","10":"instock","11":"taxable","12":"shipping-taxable","13":"purchasable","14":"product-type-simple"},"aioseo_notices":[],"_links":{"self":[{"href":"https:\/\/arqitecture.fr\/en\/wp-json\/wp\/v2\/product\/14566","targetHints":{"allow":["GET"]}}],"collection":[{"href":"https:\/\/arqitecture.fr\/en\/wp-json\/wp\/v2\/product"}],"about":[{"href":"https:\/\/arqitecture.fr\/en\/wp-json\/wp\/v2\/types\/product"}],"wp:featuredmedia":[{"embeddable":true,"href":"https:\/\/arqitecture.fr\/en\/wp-json\/wp\/v2\/media\/16916"}],"wp:attachment":[{"href":"https:\/\/arqitecture.fr\/en\/wp-json\/wp\/v2\/media?parent=14566"}],"wp:term":[{"taxonomy":"product_brand","embeddable":true,"href":"https:\/\/arqitecture.fr\/en\/wp-json\/wp\/v2\/product_brand?post=14566"},{"taxonomy":"product_cat","embeddable":true,"href":"https:\/\/arqitecture.fr\/en\/wp-json\/wp\/v2\/product_cat?post=14566"},{"taxonomy":"product_tag","embeddable":true,"href":"https:\/\/arqitecture.fr\/en\/wp-json\/wp\/v2\/product_tag?post=14566"}],"curies":[{"name":"wp","href":"https:\/\/api.w.org\/{rel}","templated":true}]}}