{"id":14560,"date":"2024-01-04T17:26:11","date_gmt":"2024-01-04T16:26:11","guid":{"rendered":"https:\/\/site-test.jd-web-et-design.fr\/produit\/porte-bougie-fleurs-decoration-bougeoir-cadeau\/"},"modified":"2024-10-29T14:09:17","modified_gmt":"2024-10-29T13:09:17","slug":"porte-bougie-fleurs-decoration-bougeoir-cadeau","status":"publish","type":"product","link":"https:\/\/arqitecture.fr\/en\/product\/porte-bougie-fleurs-decoration-bougeoir-cadeau\/","title":{"rendered":"Porte bougie Grande Fleur c\u00e9ramique d21cm, Design m\u00e9tal"},"content":{"rendered":"<p>\u25ba Il fera le plus bel effet \u263c sur une table <\/p>\n<p>\u25ba Pour une atmosph\u00e8re chaleureuse et romantique <\/p>\n<p>\u25ba Pour illuminer les soir\u00e9es d&rsquo;\u00e9t\u00e9 ou d&rsquo;hiver<\/p>\n<p>\u25ba Pour d\u00e9corer une entr\u00e9e, un salon, un salle \u00e0 manger ou une v\u00e9randa <\/p>\n<p>\u25ba Cadeau de remerciements, de St Valentin ou d&rsquo;invitation \u00e0 diner<\/p>\n<p>\u25ba Pour agr\u00e9menter une d\u00e9coration de mariage<\/p>","protected":false},"excerpt":{"rendered":"<p>Joli bougeoir d\u00e9coratif pour bougie moyenne en c\u00e9ramique finition par immersion dans une solution m\u00e9tallique. <\/p>\n<p>Diameter: 21cm<\/p>\n<p>Height: 8cm<\/p>","protected":false},"featured_media":17108,"template":"","meta":{"_et_pb_use_builder":"","_et_pb_old_content":"","_et_gb_content_width":""},"product_brand":[],"product_cat":[7412,7406],"product_tag":[8117,8380,7995,8052,8197],"class_list":{"0":"post-14560","1":"product","2":"type-product","3":"status-publish","4":"has-post-thumbnail","6":"product_cat-deco-feu","7":"product_cat-tous-les-produits","8":"product_tag-ceramique","9":"product_tag-chauffe-plat","10":"product_tag-deco","11":"product_tag-fleurs","12":"product_tag-porte-bougie","14":"first","15":"instock","16":"sale","17":"taxable","18":"shipping-taxable","19":"purchasable","20":"product-type-simple"},"aioseo_notices":[],"_links":{"self":[{"href":"https:\/\/arqitecture.fr\/en\/wp-json\/wp\/v2\/product\/14560","targetHints":{"allow":["GET"]}}],"collection":[{"href":"https:\/\/arqitecture.fr\/en\/wp-json\/wp\/v2\/product"}],"about":[{"href":"https:\/\/arqitecture.fr\/en\/wp-json\/wp\/v2\/types\/product"}],"wp:featuredmedia":[{"embeddable":true,"href":"https:\/\/arqitecture.fr\/en\/wp-json\/wp\/v2\/media\/17108"}],"wp:attachment":[{"href":"https:\/\/arqitecture.fr\/en\/wp-json\/wp\/v2\/media?parent=14560"}],"wp:term":[{"taxonomy":"product_brand","embeddable":true,"href":"https:\/\/arqitecture.fr\/en\/wp-json\/wp\/v2\/product_brand?post=14560"},{"taxonomy":"product_cat","embeddable":true,"href":"https:\/\/arqitecture.fr\/en\/wp-json\/wp\/v2\/product_cat?post=14560"},{"taxonomy":"product_tag","embeddable":true,"href":"https:\/\/arqitecture.fr\/en\/wp-json\/wp\/v2\/product_tag?post=14560"}],"curies":[{"name":"wp","href":"https:\/\/api.w.org\/{rel}","templated":true}]}}