{"id":14397,"date":"2024-08-11T12:45:31","date_gmt":"2024-08-11T10:45:31","guid":{"rendered":"https:\/\/site-test.jd-web-et-design.fr\/produit\/serpent-cobra-statue-sculpture-decoration-logo\/"},"modified":"2024-09-17T12:15:37","modified_gmt":"2024-09-17T10:15:37","slug":"serpent-cobra-statue-sculpture-decoration-logo","status":"publish","type":"product","link":"https:\/\/arqitecture.fr\/en\/product\/serpent-cobra-statue-sculpture-decoration-logo\/","title":{"rendered":"Serpent Cobra H11cm, R\u00e9sine"},"content":{"rendered":"<p>\u25ba It will look great \u263c on a piece of furniture or a coffee table<\/p>\n<p>\u25ba For a wild touch in your interior<\/p>\n<p>\u25ba Office or living room decoration<\/p>\n<p>\u25ba Gift for reptile lovers or as a souvenir of a trip<\/p>\n<p>&nbsp;<\/p>\n<p>In India, women who want a child adopt a cobra. He is master of women and fertility and is considered responsible for menstruation, which results from his bite.<\/p>\n<p>Dans la bible, le serpent est le tentateur et est le symbole du danger.<\/p>\n<p>En Asie, Afrique ou Am\u00e9rique, il symbolise la puissance, la fertilit\u00e9, la renaissance, la sexualit\u00e9, mais aussi la sagesse, la clairvoyance et l&rsquo;\u00e9ternit\u00e9.<\/p>\n<p>Cr\u00e9ature froide, sans pattes, ni poils, ni plumes, il se situe au commencement m\u00eame de l&rsquo;effort g\u00e9n\u00e9tique.<\/p>\n<p>He curls up, he kisses, he hugs, he suffocates, he swallows, digests and sleeps. He is enigmatic, secret, we cannot predict his decisions, he is formidable in his anger, sudden like his metamorphoses.<\/p>\n<p>L&rsquo;homme est l&rsquo;oppos\u00e9 du serpent mais compl\u00e9mentaires.<\/p>\n<p>The snake is the 6th sign of the Chinese horoscope.<\/p>\n<p>He curls up, he kisses, he hugs, he suffocates, he swallows, digests and sleeps. He is enigmatic, secret, we cannot predict his decisions, he is formidable in his anger, sudden like his metamorphoses.<\/p>\n<p>The snake is the 6th sign of the Chinese horoscope.<\/p>","protected":false},"excerpt":{"rendered":"<p>Statue of a cobra to integrate into an atmosphere.<\/p>\n<p>Silver colored polyresin.<\/p>\n<p>H 11 cm<\/p>","protected":false},"featured_media":17460,"template":"","meta":{"_et_pb_use_builder":"","_et_pb_old_content":"","_et_gb_content_width":""},"product_brand":[],"product_cat":[7410,7406],"product_tag":[8193,8585,7995,8013,8188,8005],"class_list":{"0":"post-14397","1":"product","2":"type-product","3":"status-publish","4":"has-post-thumbnail","6":"product_cat-deco-animaux","7":"product_cat-tous-les-produits","8":"product_tag-argent","9":"product_tag-cobra","10":"product_tag-deco","11":"product_tag-resine","12":"product_tag-serpent","13":"product_tag-statue","14":"pa_hauteur-11cm","15":"pa_largeur-7_5cm","17":"first","18":"instock","19":"taxable","20":"shipping-taxable","21":"purchasable","22":"product-type-simple"},"aioseo_notices":[],"_links":{"self":[{"href":"https:\/\/arqitecture.fr\/en\/wp-json\/wp\/v2\/product\/14397","targetHints":{"allow":["GET"]}}],"collection":[{"href":"https:\/\/arqitecture.fr\/en\/wp-json\/wp\/v2\/product"}],"about":[{"href":"https:\/\/arqitecture.fr\/en\/wp-json\/wp\/v2\/types\/product"}],"wp:featuredmedia":[{"embeddable":true,"href":"https:\/\/arqitecture.fr\/en\/wp-json\/wp\/v2\/media\/17460"}],"wp:attachment":[{"href":"https:\/\/arqitecture.fr\/en\/wp-json\/wp\/v2\/media?parent=14397"}],"wp:term":[{"taxonomy":"product_brand","embeddable":true,"href":"https:\/\/arqitecture.fr\/en\/wp-json\/wp\/v2\/product_brand?post=14397"},{"taxonomy":"product_cat","embeddable":true,"href":"https:\/\/arqitecture.fr\/en\/wp-json\/wp\/v2\/product_cat?post=14397"},{"taxonomy":"product_tag","embeddable":true,"href":"https:\/\/arqitecture.fr\/en\/wp-json\/wp\/v2\/product_tag?post=14397"}],"curies":[{"name":"wp","href":"https:\/\/api.w.org\/{rel}","templated":true}]}}