{"id":14385,"date":"2024-05-09T15:49:30","date_gmt":"2024-05-09T13:49:30","guid":{"rendered":"https:\/\/site-test.jd-web-et-design.fr\/produit\/porte-photos-design-noir-decoration\/"},"modified":"2024-09-17T11:29:46","modified_gmt":"2024-09-17T09:29:46","slug":"porte-photos-design-noir-decoration","status":"publish","type":"product","link":"https:\/\/arqitecture.fr\/en\/product\/porte-photos-design-noir-decoration\/","title":{"rendered":"Porte-photos x12 L65cm, Bois"},"content":{"rendered":"<p>\u25ba \u263c Will look great on a wall<\/p>\n<p>\u25ba Ambiance moderne<\/p>\n<p>\u25ba D\u00e9coration de salon, bureau ou entr\u00e9e<\/p>\n<p>\u25ba Cadeau de cr\u00e9maill\u00e8re, St Valentin, d&rsquo;anniversaire ou f\u00eates<\/p>","protected":false},"excerpt":{"rendered":"<div id=\"featurebullets_feature_div\" class=\"feature\" data-feature-name=\"featurebullets\">\n<div id=\"feature-bullets\" class=\"a-section a-spacing-medium a-spacing-top-small\">\n<p>Thanks to its 12 black wooden frames, this photo holder allows you to personalize your wall decoration.<\/p>\n<p>A beautiful decorative and useful object of the highest design for your interior.<\/p>\n<p>Photos: 10 x 15 cm, length 65 cm<\/p>\n<\/div>\n<\/div>","protected":false},"featured_media":17448,"template":"","meta":{"_et_pb_use_builder":"","_et_pb_old_content":"","_et_gb_content_width":""},"product_brand":[],"product_cat":[7413,7406],"product_tag":[],"class_list":{"0":"post-14385","1":"product","2":"type-product","3":"status-publish","4":"has-post-thumbnail","6":"product_cat-deco-bois","7":"product_cat-tous-les-produits","9":"first","10":"instock","11":"taxable","12":"shipping-taxable","13":"purchasable","14":"product-type-simple"},"aioseo_notices":[],"_links":{"self":[{"href":"https:\/\/arqitecture.fr\/en\/wp-json\/wp\/v2\/product\/14385","targetHints":{"allow":["GET"]}}],"collection":[{"href":"https:\/\/arqitecture.fr\/en\/wp-json\/wp\/v2\/product"}],"about":[{"href":"https:\/\/arqitecture.fr\/en\/wp-json\/wp\/v2\/types\/product"}],"wp:featuredmedia":[{"embeddable":true,"href":"https:\/\/arqitecture.fr\/en\/wp-json\/wp\/v2\/media\/17448"}],"wp:attachment":[{"href":"https:\/\/arqitecture.fr\/en\/wp-json\/wp\/v2\/media?parent=14385"}],"wp:term":[{"taxonomy":"product_brand","embeddable":true,"href":"https:\/\/arqitecture.fr\/en\/wp-json\/wp\/v2\/product_brand?post=14385"},{"taxonomy":"product_cat","embeddable":true,"href":"https:\/\/arqitecture.fr\/en\/wp-json\/wp\/v2\/product_cat?post=14385"},{"taxonomy":"product_tag","embeddable":true,"href":"https:\/\/arqitecture.fr\/en\/wp-json\/wp\/v2\/product_tag?post=14385"}],"curies":[{"name":"wp","href":"https:\/\/api.w.org\/{rel}","templated":true}]}}