{"id":14243,"date":"2024-03-25T13:38:25","date_gmt":"2024-03-25T12:38:25","guid":{"rendered":"https:\/\/site-test.jd-web-et-design.fr\/produit\/pendentif-turquoise-pendule-conique\/"},"modified":"2024-10-30T14:31:12","modified_gmt":"2024-10-30T13:31:12","slug":"pendentif-turquoise-pendule-conique","status":"publish","type":"product","link":"https:\/\/arqitecture.fr\/en\/product\/pendentif-turquoise-pendule-conique\/","title":{"rendered":"Pendentif Pendule 5cm, Turquoise"},"content":{"rendered":"<p>Cordon, chaine non inclus<\/p>\n<p>&nbsp;<\/p>\n<p>\u25ba Energie communicante et cr\u00e9ative<\/p>\n<p>\u25ba Apporte une touche d&rsquo;apaisement<\/p>\n<p>\u25ba Couleur revitalisante et active<\/p>\n<p>\u25ba Habillera votre cou avec \u00e9l\u00e9gance<\/p>\n<p>\u25ba Ajoute une touche d&rsquo;exotisme \u00e0 votre tenue<\/p>\n<p>\u25ba Cadeau pour la St Valentin, anniversaire, de remerciements, invitation \u00e0 d\u00eener ou f\u00eate des M\u00e8res<\/p>\n<p>&nbsp;<\/p>\n<p>Les principaux gisements sont en Am\u00e9rique du Nord, mais les plus belles pi\u00e8ces viennent d&rsquo;Iran.<\/p>\n<p>Une turquoise ne doit surtout pas entrer en contact avec une am\u00e9thyste.<\/p>\n<p>Ce min\u00e9ral est \u00e0 purifier par fumigation, avec un bol tib\u00e9tain, du sel sans contact ou de l&rsquo;eau.<\/p>\n<p>Se recharge \u00e0 la pleine lune.<\/p>","protected":false},"excerpt":{"rendered":"<p>Pendentif taill\u00e9 en forme de pendule conique facett\u00e9.<\/p>\n<p>En pierre de turquoise.<\/p>\n<p>De couleur bleu p\u00e2le avec des veines noires.<\/p>\n<p>Stone size: H 5 cm<\/p>\n<p>Provenance : Mexique<\/p>","protected":false},"featured_media":17173,"template":"","meta":{"_et_pb_use_builder":"","_et_pb_old_content":"","_et_gb_content_width":""},"product_brand":[],"product_cat":[7415,7406],"product_tag":[8575,8310,8493,8350],"class_list":{"0":"post-14243","1":"product","2":"type-product","3":"status-publish","4":"has-post-thumbnail","6":"product_cat-deco-terre","7":"product_cat-tous-les-produits","8":"product_tag-conique","9":"product_tag-facette","10":"product_tag-pendentif","11":"product_tag-turquoise","13":"first","14":"instock","15":"taxable","16":"shipping-taxable","17":"purchasable","18":"product-type-simple"},"aioseo_notices":[],"_links":{"self":[{"href":"https:\/\/arqitecture.fr\/en\/wp-json\/wp\/v2\/product\/14243","targetHints":{"allow":["GET"]}}],"collection":[{"href":"https:\/\/arqitecture.fr\/en\/wp-json\/wp\/v2\/product"}],"about":[{"href":"https:\/\/arqitecture.fr\/en\/wp-json\/wp\/v2\/types\/product"}],"wp:featuredmedia":[{"embeddable":true,"href":"https:\/\/arqitecture.fr\/en\/wp-json\/wp\/v2\/media\/17173"}],"wp:attachment":[{"href":"https:\/\/arqitecture.fr\/en\/wp-json\/wp\/v2\/media?parent=14243"}],"wp:term":[{"taxonomy":"product_brand","embeddable":true,"href":"https:\/\/arqitecture.fr\/en\/wp-json\/wp\/v2\/product_brand?post=14243"},{"taxonomy":"product_cat","embeddable":true,"href":"https:\/\/arqitecture.fr\/en\/wp-json\/wp\/v2\/product_cat?post=14243"},{"taxonomy":"product_tag","embeddable":true,"href":"https:\/\/arqitecture.fr\/en\/wp-json\/wp\/v2\/product_tag?post=14243"}],"curies":[{"name":"wp","href":"https:\/\/api.w.org\/{rel}","templated":true}]}}