{"id":14240,"date":"2024-03-26T11:42:23","date_gmt":"2024-03-26T10:42:23","guid":{"rendered":"https:\/\/site-test.jd-web-et-design.fr\/produit\/boucle-d-oreilles-labradorite-carree-argent\/"},"modified":"2024-10-29T16:09:00","modified_gmt":"2024-10-29T15:09:00","slug":"boucle-d-oreilles-labradorite-carree-argent","status":"publish","type":"product","link":"https:\/\/arqitecture.fr\/en\/product\/boucle-d-oreilles-labradorite-carree-argent\/","title":{"rendered":"Square earrings, Labradorite"},"content":{"rendered":"<p>\u25ba Elles mettront en valeur votre visage<\/p>\n<p>\u25ba Favorise l&rsquo;\u00e9quilibre \u00e9motionnel<\/p>\n<p>\u25ba Bijoux de protection et d&rsquo;\u00e9quilibre<\/p>\n<p>\u25ba Energie apaisante<\/p>\n<p>\u25ba Pour une touche de nature et charme \u00e0 vos tenues<\/p>\n<p>\u25ba Cadeau id\u00e9al pour les amateurs ou passionn\u00e9s de pierre pr\u00e9cieuse<\/p>\n<p>\u25ba Cadeau pour une St Valentin, un anniversaire, une f\u00eates ou un mariage<\/p>\n<p>&nbsp;<\/p>\n<p>It absorbs the negative energies, evils and sorrows of others.<br \/>\nIt will develop self-healing abilities.<br \/>\nIt stimulates blood circulation.<br \/>\nVery useful for relieving rheumatism.<br \/>\nAffixed to the spine, it rebalances the vertebrae.<br \/>\nIt is the stone that creates friendships because it amplifies the gift of pleasing others.<br \/>\nExcellent energy catalyst tool for the dowser.<br \/>\nIt rests during great physical and intellectual fatigue.<\/p>","protected":false},"excerpt":{"rendered":"<p>Boucle d&rsquo;oreilles contenant une pierre de labradorite de forme carr\u00e9e agrippante avec ses quartes griffes.<\/p>\n<p>Des nuances de vert pour un regard hypnotique.<\/p>\n<p>Silver clasp and stroller.<\/p>\n<p>Stone size: 7 x 7 mm, thickness: 4 mm<\/p>","protected":false},"featured_media":18136,"template":"","meta":{"_et_pb_use_builder":"","_et_pb_old_content":"","_et_gb_content_width":""},"product_brand":[],"product_cat":[7415,7406],"product_tag":[],"class_list":{"0":"post-14240","1":"product","2":"type-product","3":"status-publish","4":"has-post-thumbnail","6":"product_cat-deco-terre","7":"product_cat-tous-les-produits","9":"first","10":"instock","11":"taxable","12":"shipping-taxable","13":"purchasable","14":"product-type-simple"},"aioseo_notices":[],"_links":{"self":[{"href":"https:\/\/arqitecture.fr\/en\/wp-json\/wp\/v2\/product\/14240","targetHints":{"allow":["GET"]}}],"collection":[{"href":"https:\/\/arqitecture.fr\/en\/wp-json\/wp\/v2\/product"}],"about":[{"href":"https:\/\/arqitecture.fr\/en\/wp-json\/wp\/v2\/types\/product"}],"wp:featuredmedia":[{"embeddable":true,"href":"https:\/\/arqitecture.fr\/en\/wp-json\/wp\/v2\/media\/18136"}],"wp:attachment":[{"href":"https:\/\/arqitecture.fr\/en\/wp-json\/wp\/v2\/media?parent=14240"}],"wp:term":[{"taxonomy":"product_brand","embeddable":true,"href":"https:\/\/arqitecture.fr\/en\/wp-json\/wp\/v2\/product_brand?post=14240"},{"taxonomy":"product_cat","embeddable":true,"href":"https:\/\/arqitecture.fr\/en\/wp-json\/wp\/v2\/product_cat?post=14240"},{"taxonomy":"product_tag","embeddable":true,"href":"https:\/\/arqitecture.fr\/en\/wp-json\/wp\/v2\/product_tag?post=14240"}],"curies":[{"name":"wp","href":"https:\/\/api.w.org\/{rel}","templated":true}]}}