{"id":14208,"date":"2024-03-25T13:36:01","date_gmt":"2024-03-25T12:36:01","guid":{"rendered":"https:\/\/site-test.jd-web-et-design.fr\/produit\/pendentif-corail-rouge-rond\/"},"modified":"2024-10-29T08:20:59","modified_gmt":"2024-10-29T07:20:59","slug":"pendentif-corail-rouge-rond","status":"publish","type":"product","link":"https:\/\/arqitecture.fr\/en\/product\/pendentif-corail-rouge-rond\/","title":{"rendered":"Pendentif rond d2.5cm, Corail rouge"},"content":{"rendered":"<p>Cordon, chaine non inclus<\/p>\n<p>&nbsp;<\/p>\n<p>\u25ba Energie sereine et prot\u00e8ge du mauvais \u0153il tel un porte bonheur<\/p>\n<p>\u25ba Apporte une touche de confiance \u00e0 sa tenue et une joie de vivre<\/p>\n<p>\u25ba Couleur revitalisante et active<\/p>\n<p>\u25ba Se porte facilement avec toutes sortes de tenues.<\/p>\n<p>\u25ba Habillera votre cou avec \u00e9l\u00e9gance<\/p>\n<p>\u25ba Cadeau pour la St Valentin, anniversaire, de remerciements, invitation \u00e0 d\u00eener ou f\u00eate des M\u00e8res<\/p>\n<p>&nbsp;<\/p>\n<p>Pierre sacr\u00e9e chez les Tib\u00e9tains pour ses vertus.<\/p>\n<p>Pierre de sant\u00e9 mentale, associ\u00e9e \u00e0 la gu\u00e9rison de la st\u00e9rilit\u00e9 ou des maladies osseuses.<\/p>\n<p>Le corail est une mati\u00e8re dure alliant les forces du min\u00e9ral, v\u00e9g\u00e9tal et animal.<\/p>\n<p>&nbsp;<\/p>\n<p>Ce min\u00e9ral est \u00e0 recharger \u00e0 la lumi\u00e8re de la pleine lune toute une nuit.<\/p>","protected":false},"excerpt":{"rendered":"<p>Round red coral pendant 2.5 cm in diameter and gold setting.<span style=\"text-decoration: underline;\"><br \/>\n<\/span><\/p>\n<p>A gift that we remember who gave it when we wear it and which lasts over time.<\/p>\n<p>Attention that will have an effect and unite your ties.<\/p>","protected":false},"featured_media":16688,"template":"","meta":{"_et_pb_use_builder":"","_et_pb_old_content":"","_et_gb_content_width":""},"product_brand":[],"product_cat":[7415,7406],"product_tag":[8885,8129,8064,8514,8384,8493,7996,8098],"class_list":{"0":"post-14208","1":"product","2":"type-product","3":"status-publish","4":"has-post-thumbnail","6":"product_cat-deco-terre","7":"product_cat-tous-les-produits","8":"product_tag-bijou","9":"product_tag-bijoux","10":"product_tag-cadeau","11":"product_tag-corail","12":"product_tag-or","13":"product_tag-pendentif","14":"product_tag-pierre","15":"product_tag-rouge","17":"first","18":"instock","19":"taxable","20":"shipping-taxable","21":"purchasable","22":"product-type-simple"},"aioseo_notices":[],"_links":{"self":[{"href":"https:\/\/arqitecture.fr\/en\/wp-json\/wp\/v2\/product\/14208","targetHints":{"allow":["GET"]}}],"collection":[{"href":"https:\/\/arqitecture.fr\/en\/wp-json\/wp\/v2\/product"}],"about":[{"href":"https:\/\/arqitecture.fr\/en\/wp-json\/wp\/v2\/types\/product"}],"wp:featuredmedia":[{"embeddable":true,"href":"https:\/\/arqitecture.fr\/en\/wp-json\/wp\/v2\/media\/16688"}],"wp:attachment":[{"href":"https:\/\/arqitecture.fr\/en\/wp-json\/wp\/v2\/media?parent=14208"}],"wp:term":[{"taxonomy":"product_brand","embeddable":true,"href":"https:\/\/arqitecture.fr\/en\/wp-json\/wp\/v2\/product_brand?post=14208"},{"taxonomy":"product_cat","embeddable":true,"href":"https:\/\/arqitecture.fr\/en\/wp-json\/wp\/v2\/product_cat?post=14208"},{"taxonomy":"product_tag","embeddable":true,"href":"https:\/\/arqitecture.fr\/en\/wp-json\/wp\/v2\/product_tag?post=14208"}],"curies":[{"name":"wp","href":"https:\/\/api.w.org\/{rel}","templated":true}]}}