{"id":14198,"date":"2024-03-26T11:41:52","date_gmt":"2024-03-26T10:41:52","guid":{"rendered":"https:\/\/site-test.jd-web-et-design.fr\/produit\/boucle-d-oreilles-amethyste-argent-ovale-violet\/"},"modified":"2024-10-29T16:07:23","modified_gmt":"2024-10-29T15:07:23","slug":"boucle-d-oreilles-amethyste-argent-ovale-violet-cadeau","status":"publish","type":"product","link":"https:\/\/arqitecture.fr\/en\/product\/boucle-d-oreilles-amethyste-argent-ovale-violet-cadeau\/","title":{"rendered":"Earrings, Amethyst"},"content":{"rendered":"<p>\u25ba Bijoux de protection et intuition<\/p>\n<p>\u25ba Energie apaisante<\/p>\n<p>\u25ba Rang\u00e9e dans une chambre \u00e0 coucher, elle d\u00e9veloppera une ambiance calme et d\u00e9tendue<\/p>\n<p>\u25ba Cadeau pour la St Valentin, anniversaire, de remerciements, invitation \u00e0 d\u00eener ou f\u00eate des M\u00e8res<\/p>\n<p>&nbsp;<\/p>\n<p>Ne pas ranger une am\u00e9thyste pr\u00e8s du turquoise.<\/p>\n<p>L&rsquo;am\u00e9thyste est utilis\u00e9e pour combattre les intoxications (alcool, drogue, tabac\u2026).<br \/>\nIt is the stone of plenitude and is particularly suitable for hyperactive and stressed people.<br \/>\nPierre d&rsquo;une grande efficacit\u00e9 pour soulager les maux de t\u00eate, les migraines, les br\u00fblures, les \u0153d\u00e8mes, l&rsquo;ecz\u00e9ma.<br \/>\nIt is valuable against eye disorders, water retention and blood circulation.<br \/>\nIt tones and protects the liver and glands.<br \/>\nIt is a valuable aid for hysteria, anxiety neuroses, dizziness, anger, epilepsy.<br \/>\nIt stimulates hair growth, metabolism and hormones.<br \/>\nIt has an action on lowering blood pressure and anemia.<br \/>\nIt will contribute to calm and deep sleep, without nightmares.<br \/>\nIt promotes spiritual elevation, concentration, meditation, intuition, creativity and visualization.<br \/>\nAmethyst helps one detach oneself from material trivialities.<\/p>","protected":false},"excerpt":{"rendered":"<p>Boucle d&rsquo;oreilles en pierre d&rsquo;am\u00e9thyste aux teintes violettes de forme ovale bomb\u00e9e.<\/p>\n<p>Une couleur envoutante qui enrichira celle de vos yeux.<\/p>\n<p>Silver clasp and stroller.<\/p>\n<p>Amethyst oval stone 5mm<\/p>","protected":false},"featured_media":18135,"template":"","meta":{"_et_pb_use_builder":"","_et_pb_old_content":"","_et_gb_content_width":""},"product_brand":[],"product_cat":[7415,7406],"product_tag":[],"class_list":{"0":"post-14198","1":"product","2":"type-product","3":"status-publish","4":"has-post-thumbnail","6":"product_cat-deco-terre","7":"product_cat-tous-les-produits","8":"pa_hauteur-7mm","9":"pa_largeur-5mm","10":"pa_profondeur-2mm","12":"first","13":"instock","14":"taxable","15":"shipping-taxable","16":"purchasable","17":"product-type-simple"},"aioseo_notices":[],"_links":{"self":[{"href":"https:\/\/arqitecture.fr\/en\/wp-json\/wp\/v2\/product\/14198","targetHints":{"allow":["GET"]}}],"collection":[{"href":"https:\/\/arqitecture.fr\/en\/wp-json\/wp\/v2\/product"}],"about":[{"href":"https:\/\/arqitecture.fr\/en\/wp-json\/wp\/v2\/types\/product"}],"wp:featuredmedia":[{"embeddable":true,"href":"https:\/\/arqitecture.fr\/en\/wp-json\/wp\/v2\/media\/18135"}],"wp:attachment":[{"href":"https:\/\/arqitecture.fr\/en\/wp-json\/wp\/v2\/media?parent=14198"}],"wp:term":[{"taxonomy":"product_brand","embeddable":true,"href":"https:\/\/arqitecture.fr\/en\/wp-json\/wp\/v2\/product_brand?post=14198"},{"taxonomy":"product_cat","embeddable":true,"href":"https:\/\/arqitecture.fr\/en\/wp-json\/wp\/v2\/product_cat?post=14198"},{"taxonomy":"product_tag","embeddable":true,"href":"https:\/\/arqitecture.fr\/en\/wp-json\/wp\/v2\/product_tag?post=14198"}],"curies":[{"name":"wp","href":"https:\/\/api.w.org\/{rel}","templated":true}]}}