{"id":14194,"date":"2024-03-26T11:41:49","date_gmt":"2024-03-26T10:41:49","guid":{"rendered":"https:\/\/site-test.jd-web-et-design.fr\/produit\/boucle-d-oreilles-quartz-rose-boule-ronde-argent\/"},"modified":"2024-10-30T08:56:44","modified_gmt":"2024-10-30T07:56:44","slug":"boucle-d-oreilles-quartz-rose-boule-ronde-argent","status":"publish","type":"product","link":"https:\/\/arqitecture.fr\/en\/product\/boucle-d-oreilles-quartz-rose-boule-ronde-argent\/","title":{"rendered":"Ball earring, Rose quartz"},"content":{"rendered":"<p>\u25ba Elles mettront en valeur votre visage<\/p>\n<p>\u25ba Favorise l&rsquo;\u00e9quilibre \u00e9motionnel<\/p>\n<p>\u25ba Bijoux de protection et d&rsquo;\u00e9quilibre<\/p>\n<p>\u25ba Energie apaisante et douce<\/p>\n<p>\u25ba Pour une touche de nature et charme \u00e0 vos tenues<\/p>\n<p>\u25ba Cadeau id\u00e9al pour les amateurs ou passionn\u00e9s de pierre pr\u00e9cieuse<\/p>\n<p>\u25ba Cadeau pour une St Valentin, un anniversaire, une f\u00eates ou un mariage<\/p>\n<p>&nbsp;<\/p>\n<p>Le Quartz rose est la pierre du coeur et de l&rsquo;amour.<\/p>\n<p>Ce min\u00e9ral est \u00e0 purifier par fumigation, avec un bol tib\u00e9tain, du sel sans contact ou de l&rsquo;eau.<\/p>\n<p>Se recharge \u00e0 la pleine lune.<\/p>","protected":false},"excerpt":{"rendered":"<p>Ball-shaped rose quartz stone earring.<\/p>\n<p>Silver clasp and stroller.<\/p>\n<p>Pink Quartz stone 8 mm<\/p>\n<p>Provenance : Br\u00e9sil<\/p>","protected":false},"featured_media":18134,"template":"","meta":{"_et_pb_use_builder":"","_et_pb_old_content":"","_et_gb_content_width":""},"product_brand":[],"product_cat":[7415,7406],"product_tag":[8193,8573,8238,8339,8053],"class_list":{"0":"post-14194","1":"product","2":"type-product","3":"status-publish","4":"has-post-thumbnail","6":"product_cat-deco-terre","7":"product_cat-tous-les-produits","8":"product_tag-argent","9":"product_tag-boucle-doreilles","10":"product_tag-boule","11":"product_tag-quartz-rose","12":"product_tag-ronde","14":"first","15":"instock","16":"taxable","17":"shipping-taxable","18":"purchasable","19":"product-type-simple"},"aioseo_notices":[],"_links":{"self":[{"href":"https:\/\/arqitecture.fr\/en\/wp-json\/wp\/v2\/product\/14194","targetHints":{"allow":["GET"]}}],"collection":[{"href":"https:\/\/arqitecture.fr\/en\/wp-json\/wp\/v2\/product"}],"about":[{"href":"https:\/\/arqitecture.fr\/en\/wp-json\/wp\/v2\/types\/product"}],"wp:featuredmedia":[{"embeddable":true,"href":"https:\/\/arqitecture.fr\/en\/wp-json\/wp\/v2\/media\/18134"}],"wp:attachment":[{"href":"https:\/\/arqitecture.fr\/en\/wp-json\/wp\/v2\/media?parent=14194"}],"wp:term":[{"taxonomy":"product_brand","embeddable":true,"href":"https:\/\/arqitecture.fr\/en\/wp-json\/wp\/v2\/product_brand?post=14194"},{"taxonomy":"product_cat","embeddable":true,"href":"https:\/\/arqitecture.fr\/en\/wp-json\/wp\/v2\/product_cat?post=14194"},{"taxonomy":"product_tag","embeddable":true,"href":"https:\/\/arqitecture.fr\/en\/wp-json\/wp\/v2\/product_tag?post=14194"}],"curies":[{"name":"wp","href":"https:\/\/api.w.org\/{rel}","templated":true}]}}