{"id":14186,"date":"2024-03-25T11:57:44","date_gmt":"2024-03-25T10:57:44","guid":{"rendered":"https:\/\/site-test.jd-web-et-design.fr\/produit\/pendentif-amethyste-violet-metal\/"},"modified":"2024-10-29T08:38:23","modified_gmt":"2024-10-29T07:38:23","slug":"pendentif2-amethyste-violet-cadeau-metal","status":"publish","type":"product","link":"https:\/\/arqitecture.fr\/en\/product\/pendentif2-amethyste-violet-cadeau-metal\/","title":{"rendered":"Pendentif Grappe 4cm, Am\u00e9thyste"},"content":{"rendered":"<p>Cord not included<\/p>\n<p>\u25ba Bijoux de protection et intuition<\/p>\n<p>\u25ba Energie apaisante<\/p>\n<p>\u25ba Rang\u00e9e dans une chambre \u00e0 coucher, elle d\u00e9veloppera une ambiance calme et d\u00e9tendue<\/p>\n<p>\u25ba Cadeau pour la St Valentin, anniversaire, de remerciements, invitation \u00e0 d\u00eener ou f\u00eate des M\u00e8res<\/p>\n<p>&nbsp;<\/p>\n<p>Ne pas ranger une am\u00e9thyste pr\u00e8s du turquoise.<\/p>\n<p>Amethyst is used to combat poisoning (alcohol, drugs, tobacco, etc.).<br \/>\nIt is the stone of plenitude and is particularly suitable for hyperactive and stressed people.<br \/>\nVery effective stone for relieving headaches, migraines, burns, edema, eczema.<br \/>\nIt is valuable against eye disorders, water retention and blood circulation.<br \/>\nIt tones and protects the liver and glands.<br \/>\nIt is a valuable aid for hysteria, anxiety neuroses, dizziness, anger, epilepsy.<br \/>\nIt stimulates hair growth, metabolism and hormones.<br \/>\nIt has an action on lowering blood pressure and anemia.<br \/>\nIt will contribute to calm and deep sleep, without nightmares.<br \/>\nIt promotes spiritual elevation, concentration, meditation, intuition, creativity and visualization.<br \/>\nAmethyst helps one detach oneself from material trivialities.<\/p>","protected":false},"excerpt":{"rendered":"<p>Pendentif en pierre d&rsquo;am\u00e9thyste aux teintes violettes de forme ovale.<\/p>\n<p>Pierre li\u00e9e \u00e0 l&rsquo;amour car Valentin Terni, le Saint patron des amoureux depuis le XV\u00e8me si\u00e8cle en portait une au cou.<\/p>\n<p>Steel metal buckle.<\/p>\n<p>Stone of humility and wisdom.<\/p>\n<p>Height: 4cm<\/p>","protected":false},"featured_media":17176,"template":"","meta":{"_et_pb_use_builder":"","_et_pb_old_content":"","_et_gb_content_width":""},"product_brand":[],"product_cat":[7415,7406],"product_tag":[],"class_list":{"0":"post-14186","1":"product","2":"type-product","3":"status-publish","4":"has-post-thumbnail","6":"product_cat-deco-terre","7":"product_cat-tous-les-produits","8":"pa_hauteur-4cm","9":"pa_largeur-2_5cm","10":"pa_profondeur-1cm","12":"first","13":"instock","14":"taxable","15":"shipping-taxable","16":"purchasable","17":"product-type-simple"},"aioseo_notices":[],"_links":{"self":[{"href":"https:\/\/arqitecture.fr\/en\/wp-json\/wp\/v2\/product\/14186","targetHints":{"allow":["GET"]}}],"collection":[{"href":"https:\/\/arqitecture.fr\/en\/wp-json\/wp\/v2\/product"}],"about":[{"href":"https:\/\/arqitecture.fr\/en\/wp-json\/wp\/v2\/types\/product"}],"wp:featuredmedia":[{"embeddable":true,"href":"https:\/\/arqitecture.fr\/en\/wp-json\/wp\/v2\/media\/17176"}],"wp:attachment":[{"href":"https:\/\/arqitecture.fr\/en\/wp-json\/wp\/v2\/media?parent=14186"}],"wp:term":[{"taxonomy":"product_brand","embeddable":true,"href":"https:\/\/arqitecture.fr\/en\/wp-json\/wp\/v2\/product_brand?post=14186"},{"taxonomy":"product_cat","embeddable":true,"href":"https:\/\/arqitecture.fr\/en\/wp-json\/wp\/v2\/product_cat?post=14186"},{"taxonomy":"product_tag","embeddable":true,"href":"https:\/\/arqitecture.fr\/en\/wp-json\/wp\/v2\/product_tag?post=14186"}],"curies":[{"name":"wp","href":"https:\/\/api.w.org\/{rel}","templated":true}]}}