{"id":14182,"date":"2024-03-22T11:41:41","date_gmt":"2024-03-22T10:41:41","guid":{"rendered":"https:\/\/site-test.jd-web-et-design.fr\/produit\/collier-perles-fantaisies-corail-et-nacre\/"},"modified":"2024-10-30T14:41:41","modified_gmt":"2024-10-30T13:41:41","slug":"collier-perles-fantaisies-corail-et-nacre","status":"publish","type":"product","link":"https:\/\/arqitecture.fr\/en\/product\/collier-perles-fantaisies-corail-et-nacre\/","title":{"rendered":"Fancy orange, coral and mother-of-pearl pearl necklace"},"content":{"rendered":"<p>\u25ba Elle fera le plus bel effet \u00e0 votre cou<\/p>\n<p>\u25ba Favorise l&rsquo;\u00e9quilibre sensoriel<\/p>\n<p>\u25ba Pour une touche de charme \u00e0 votre tenue<\/p>\n<p>\u25ba Cadeau id\u00e9al pour les amateurs ou passionn\u00e9s de pierre pr\u00e9cieuse<\/p>\n<p>\u25ba Cadeau pour une St Valentin, un anniversaire, une f\u00eates ou un mariage<\/p>\n<p>&nbsp;<\/p>\n<p>Pierre sacr\u00e9e chez les Tib\u00e9tains pour ses vertus.<\/p>\n<p>Pierre de sant\u00e9 mentale, associ\u00e9e \u00e0 la gu\u00e9rison de la st\u00e9rilit\u00e9 ou des maladies osseuses.<\/p>\n<p>Le corail est une mati\u00e8re dure alliant les forces du min\u00e9ral, v\u00e9g\u00e9tal et animal.<\/p>\n<p>&nbsp;<\/p>\n<p>La Nacre est une mati\u00e8re dure, ce calcaire est de couleur blanche \u00e0 reflets iris\u00e9s.<\/p>\n<p>Compos\u00e9e produit par de nombreux mollusques pour leur coquille tout au long de leur vie.<\/p>\n<p>Elle est utilis\u00e9e en bijouterie et pour fabriquer de petits objets selon diff\u00e9rentes techniques.<\/p>","protected":false},"excerpt":{"rendered":"<p>Necklace of colored pearls: orange and transparent, composed of mother-of-pearl, white corals and faceted stones.<\/p>\n<p>The color of the pearls and mother-of-pearl of this necklace gives it softness.<\/p>\n<p><span style=\"font-size: 8pt;\">Size: 50cm<\/span><\/p>","protected":false},"featured_media":14178,"template":"","meta":{"_et_pb_use_builder":"","_et_pb_old_content":"","_et_gb_content_width":""},"product_brand":[],"product_cat":[7415,7406],"product_tag":[],"class_list":{"0":"post-14182","1":"product","2":"type-product","3":"status-publish","4":"has-post-thumbnail","6":"product_cat-deco-terre","7":"product_cat-tous-les-produits","9":"first","10":"instock","11":"taxable","12":"shipping-taxable","13":"purchasable","14":"product-type-simple"},"aioseo_notices":[],"_links":{"self":[{"href":"https:\/\/arqitecture.fr\/en\/wp-json\/wp\/v2\/product\/14182","targetHints":{"allow":["GET"]}}],"collection":[{"href":"https:\/\/arqitecture.fr\/en\/wp-json\/wp\/v2\/product"}],"about":[{"href":"https:\/\/arqitecture.fr\/en\/wp-json\/wp\/v2\/types\/product"}],"wp:featuredmedia":[{"embeddable":true,"href":"https:\/\/arqitecture.fr\/en\/wp-json\/wp\/v2\/media\/14178"}],"wp:attachment":[{"href":"https:\/\/arqitecture.fr\/en\/wp-json\/wp\/v2\/media?parent=14182"}],"wp:term":[{"taxonomy":"product_brand","embeddable":true,"href":"https:\/\/arqitecture.fr\/en\/wp-json\/wp\/v2\/product_brand?post=14182"},{"taxonomy":"product_cat","embeddable":true,"href":"https:\/\/arqitecture.fr\/en\/wp-json\/wp\/v2\/product_cat?post=14182"},{"taxonomy":"product_tag","embeddable":true,"href":"https:\/\/arqitecture.fr\/en\/wp-json\/wp\/v2\/product_tag?post=14182"}],"curies":[{"name":"wp","href":"https:\/\/api.w.org\/{rel}","templated":true}]}}